{"id":2897,"date":"2023-01-22T18:07:44","date_gmt":"2023-01-22T18:07:44","guid":{"rendered":"https:\/\/mhngatineau.com\/?page_id=2897"},"modified":"2025-01-30T09:02:57","modified_gmt":"2025-01-30T14:02:57","slug":"programmation-2023","status":"publish","type":"page","link":"https:\/\/mhngatineau.com\/?page_id=2897","title":{"rendered":"PROGRAMMATION 2023"},"content":{"rendered":"\t\t<div data-elementor-type=\"wp-page\" data-elementor-id=\"2897\" class=\"elementor elementor-2897\" data-elementor-post-type=\"page\">\n\t\t\t\t\t\t<section class=\"elementor-section elementor-top-section elementor-element elementor-element-9b23aa5 elementor-section-full_width elementor-section-stretched elementor-section-height-default elementor-section-height-default\" data-id=\"9b23aa5\" data-element_type=\"section\" data-e-type=\"section\" data-settings=\"{&quot;stretch_section&quot;:&quot;section-stretched&quot;}\">\n\t\t\t\t\t\t<div class=\"elementor-container elementor-column-gap-default\">\n\t\t\t\t\t<div class=\"elementor-column elementor-col-100 elementor-top-column elementor-element elementor-element-cfeba91\" data-id=\"cfeba91\" data-element_type=\"column\" data-e-type=\"column\">\n\t\t\t<div class=\"elementor-widget-wrap elementor-element-populated\">\n\t\t\t\t\t\t<div class=\"elementor-element elementor-element-4d34f00 elementor-widget elementor-widget-image\" data-id=\"4d34f00\" data-element_type=\"widget\" data-e-type=\"widget\" data-widget_type=\"image.default\">\n\t\t\t\t<div class=\"elementor-widget-container\">\n\t\t\t\t\t\t\t\t\t\t\t\t\t\t\t<img fetchpriority=\"high\" decoding=\"async\" width=\"700\" height=\"700\" src=\"https:\/\/mhngatineau.com\/wp-content\/uploads\/2023\/04\/PHOTO-2023-03-17-01-31-09-768x768.jpg\" class=\"attachment-medium_large size-medium_large wp-image-3322\" alt=\"\" srcset=\"https:\/\/mhngatineau.com\/wp-content\/uploads\/2023\/04\/PHOTO-2023-03-17-01-31-09-768x768.jpg 768w, https:\/\/mhngatineau.com\/wp-content\/uploads\/2023\/04\/PHOTO-2023-03-17-01-31-09-300x300.jpg 300w, https:\/\/mhngatineau.com\/wp-content\/uploads\/2023\/04\/PHOTO-2023-03-17-01-31-09-1024x1024.jpg 1024w, https:\/\/mhngatineau.com\/wp-content\/uploads\/2023\/04\/PHOTO-2023-03-17-01-31-09-150x150.jpg 150w, https:\/\/mhngatineau.com\/wp-content\/uploads\/2023\/04\/PHOTO-2023-03-17-01-31-09-62x62.jpg 62w, https:\/\/mhngatineau.com\/wp-content\/uploads\/2023\/04\/PHOTO-2023-03-17-01-31-09-1000x1000.jpg 1000w, https:\/\/mhngatineau.com\/wp-content\/uploads\/2023\/04\/PHOTO-2023-03-17-01-31-09.jpg 1080w\" sizes=\"(max-width: 700px) 100vw, 700px\" \/>\t\t\t\t\t\t\t\t\t\t\t\t\t\t\t<\/div>\n\t\t\t\t<\/div>\n\t\t\t\t\t<\/div>\n\t\t<\/div>\n\t\t\t\t\t<\/div>\n\t\t<\/section>\n\t\t\t\t<section class=\"elementor-section elementor-top-section elementor-element elementor-element-351538a elementor-section-boxed elementor-section-height-default elementor-section-height-default\" data-id=\"351538a\" data-element_type=\"section\" data-e-type=\"section\">\n\t\t\t\t\t\t<div class=\"elementor-container elementor-column-gap-default\">\n\t\t\t\t\t<div class=\"elementor-column elementor-col-100 elementor-top-column elementor-element elementor-element-dd2ac41\" data-id=\"dd2ac41\" data-element_type=\"column\" data-e-type=\"column\">\n\t\t\t<div class=\"elementor-widget-wrap elementor-element-populated\">\n\t\t\t\t\t\t<section class=\"elementor-section elementor-inner-section elementor-element elementor-element-f415844 elementor-section-content-top elementor-section-boxed elementor-section-height-default elementor-section-height-default\" data-id=\"f415844\" data-element_type=\"section\" data-e-type=\"section\">\n\t\t\t\t\t\t<div class=\"elementor-container elementor-column-gap-default\">\n\t\t\t\t\t<div class=\"elementor-column elementor-col-50 elementor-inner-column elementor-element elementor-element-13b359b\" data-id=\"13b359b\" data-element_type=\"column\" data-e-type=\"column\">\n\t\t\t<div class=\"elementor-widget-wrap elementor-element-populated\">\n\t\t\t\t\t\t<div class=\"elementor-element elementor-element-a75298d elementor-widget elementor-widget-image\" data-id=\"a75298d\" data-element_type=\"widget\" data-e-type=\"widget\" data-widget_type=\"image.default\">\n\t\t\t\t<div class=\"elementor-widget-container\">\n\t\t\t\t\t\t\t\t\t\t\t\t\t\t\t<img decoding=\"async\" width=\"1080\" height=\"1080\" src=\"https:\/\/mhngatineau.com\/wp-content\/uploads\/2023\/01\/Post-Instagram-association-evenement-football-5.png\" class=\"attachment-full size-full wp-image-3235\" alt=\"\" srcset=\"https:\/\/mhngatineau.com\/wp-content\/uploads\/2023\/01\/Post-Instagram-association-evenement-football-5.png 1080w, https:\/\/mhngatineau.com\/wp-content\/uploads\/2023\/01\/Post-Instagram-association-evenement-football-5-300x300.png 300w, https:\/\/mhngatineau.com\/wp-content\/uploads\/2023\/01\/Post-Instagram-association-evenement-football-5-1024x1024.png 1024w, https:\/\/mhngatineau.com\/wp-content\/uploads\/2023\/01\/Post-Instagram-association-evenement-football-5-150x150.png 150w, https:\/\/mhngatineau.com\/wp-content\/uploads\/2023\/01\/Post-Instagram-association-evenement-football-5-768x768.png 768w, https:\/\/mhngatineau.com\/wp-content\/uploads\/2023\/01\/Post-Instagram-association-evenement-football-5-62x62.png 62w, https:\/\/mhngatineau.com\/wp-content\/uploads\/2023\/01\/Post-Instagram-association-evenement-football-5-1000x1000.png 1000w\" sizes=\"(max-width: 1080px) 100vw, 1080px\" \/>\t\t\t\t\t\t\t\t\t\t\t\t\t\t\t<\/div>\n\t\t\t\t<\/div>\n\t\t\t\t\t<\/div>\n\t\t<\/div>\n\t\t\t\t<div class=\"elementor-column elementor-col-50 elementor-inner-column elementor-element elementor-element-ccb1dcc\" data-id=\"ccb1dcc\" data-element_type=\"column\" data-e-type=\"column\">\n\t\t\t<div class=\"elementor-widget-wrap elementor-element-populated\">\n\t\t\t\t\t\t<div class=\"elementor-element elementor-element-0a568c5 elementor-widget elementor-widget-heading\" data-id=\"0a568c5\" data-element_type=\"widget\" data-e-type=\"widget\" data-widget_type=\"heading.default\">\n\t\t\t\t<div class=\"elementor-widget-container\">\n\t\t\t\t\t<h2 class=\"elementor-heading-title elementor-size-default\">Programmation du Mois de l\u2019histoire des Noirs 2023\nVille de Gatineau\n<\/h2>\t\t\t\t<\/div>\n\t\t\t\t<\/div>\n\t\t\t\t<div class=\"elementor-element elementor-element-0fbbf0b elementor-widget elementor-widget-text-editor\" data-id=\"0fbbf0b\" data-element_type=\"widget\" data-e-type=\"widget\" data-widget_type=\"text-editor.default\">\n\t\t\t\t<div class=\"elementor-widget-container\">\n\t\t\t\t\t\t\t\t\t<p><strong><em>Th\u00e8me\u00a0: Jeunesse en action !<\/em><\/strong><\/p><p>Du 1er au 28 f\u00e9vrier 2023, Gatineau c\u00e9l\u00e8bre le Mois de l\u2019histoire des Noirs sous le th\u00e8me \u201c<em>Une jeunesse en action<\/em>\u201d. Cette 21<sup>\u00e8me<\/sup>\u00e9dition veut mettre en valeur cette jeunesse noire qui nous fait r\u00eaver d\u2019un avenir meilleur pour les g\u00e9n\u00e9rations futures;<\/p><ul><li>Une jeunesse qui s\u2019affirme et prend sa place;<\/li><li>Une jeunesse mobilis\u00e9e et d\u00e9termin\u00e9e pour faire changer les choses \u00e0 travers le monde;<\/li><li>Une jeunesse qui sait travailler avec ses alli\u00e9-e-s pour fa\u00e7onner une soci\u00e9t\u00e9 plus juste et faire de l\u2019\u00e9quit\u00e9, de la diversit\u00e9 et de l\u2019inclusion une r\u00e9alit\u00e9;<\/li><\/ul><p>Une jeunesse r\u00e9siliente, mais surtout inspirante, pr\u00eate \u00e0 relever des d\u00e9fis et \u00e0 \u00eatre au c\u0153ur du changement;<\/p><p>Cette jeunesse noire dynamique et prosp\u00e8re est notre pr\u00e9sent, mais surtout notre futur. Elle doit \u00eatre sans aucun doute une source de fiert\u00e9 renouvel\u00e9e. Pour elle, nous avons le devoir de continuer \u00e0 faire mieux ensemble afin de lui permettre de s\u2019\u00e9panouir et de contribuer \u00e0 l\u2019avancement de la communaut\u00e9.<\/p><p>Que ce soit en mode virtuel ou en mode pr\u00e9sentiel, participez aux nombreuses activit\u00e9s qui mettront en valeur des jeunes, des personnalit\u00e9s et des exp\u00e9riences qui ont fa\u00e7onn\u00e9 l\u2019histoire des Noirs dans notre soci\u00e9t\u00e9.<\/p><p>Cet \u00e9v\u00e9nement s\u2019inscrit dans le cadre de la d\u00e9cennie internationale 2015-2024 des personnes d\u2019ascendance africaine, d\u00e9cr\u00e9t\u00e9e par l\u2019Organisation des Nations Unies pour l\u2019\u00e9ducation, la science et la culture (UNESCO), pour mettre en valeur l\u2019histoire et les contributions importantes des personnes d\u2019ascendance africaine \u00e0 l\u2019\u00e9dification de notre soci\u00e9t\u00e9.<\/p>\t\t\t\t\t\t\t\t<\/div>\n\t\t\t\t<\/div>\n\t\t\t\t\t<\/div>\n\t\t<\/div>\n\t\t\t\t\t<\/div>\n\t\t<\/section>\n\t\t\t\t\t<\/div>\n\t\t<\/div>\n\t\t\t\t\t<\/div>\n\t\t<\/section>\n\t\t\t\t<section class=\"elementor-section elementor-top-section elementor-element elementor-element-effd239 elementor-section-full_width elementor-section-stretched elementor-hidden-desktop elementor-hidden-tablet elementor-hidden-mobile elementor-section-height-default elementor-section-height-default\" data-id=\"effd239\" data-element_type=\"section\" data-e-type=\"section\" data-settings=\"{&quot;stretch_section&quot;:&quot;section-stretched&quot;}\">\n\t\t\t\t\t\t<div class=\"elementor-container elementor-column-gap-default\">\n\t\t\t\t\t<div class=\"elementor-column elementor-col-100 elementor-top-column elementor-element elementor-element-f922ebf\" data-id=\"f922ebf\" data-element_type=\"column\" data-e-type=\"column\">\n\t\t\t<div class=\"elementor-widget-wrap elementor-element-populated\">\n\t\t\t\t\t\t<div class=\"elementor-element elementor-element-1124e01 elementor-widget elementor-widget-template\" data-id=\"1124e01\" data-element_type=\"widget\" data-e-type=\"widget\" data-widget_type=\"template.default\">\n\t\t\t\t<div class=\"elementor-widget-container\">\n\t\t\t\t\t\t\t<div class=\"elementor-template\">\r\n\t\t\t\t\t<div data-elementor-type=\"section\" data-elementor-id=\"2942\" class=\"elementor elementor-2942\" data-elementor-post-type=\"elementor_library\">\r\n\t\t\t\t\t<section class=\"elementor-section elementor-top-section elementor-element elementor-element-a308b93 elementor-section-full_width elementor-section-height-default elementor-section-height-default\" data-id=\"a308b93\" data-element_type=\"section\" data-e-type=\"section\">\n\t\t\t\t\t\t<div class=\"elementor-container elementor-column-gap-default\">\n\t\t\t\t\t<div class=\"elementor-column elementor-col-100 elementor-top-column elementor-element elementor-element-545e1cb\" data-id=\"545e1cb\" data-element_type=\"column\" data-e-type=\"column\">\n\t\t\t<div class=\"elementor-widget-wrap elementor-element-populated\">\n\t\t\t\t\t\t<div class=\"elementor-element elementor-element-3e96426 elementor-widget elementor-widget-shortcode\" data-id=\"3e96426\" data-element_type=\"widget\" data-e-type=\"widget\" data-widget_type=\"shortcode.default\">\n\t\t\t\t<div class=\"elementor-widget-container\">\n\t\t\t\t\t \r\n<ul class=\"event-grid\">\r\n \r\n\t<li>\r\n\t\t<div class=\"event-grid-wrapper\" style=\"background-image:url('https:\/\/mhngatineau.com\/wp-content\/uploads\/2025\/01\/lancement-MHNG-2025-4.png');\">\r\n\t\t\t<div class=\"event-inner-wrapper\">\r\n\t\t\t\t<div class=\"hov-data event-data\">\r\n\t\t\t\t\t<a href=\"https:\/\/mhngatineau.com\/?p=5329\"><h3>Cocktail de lancement<\/h3><\/a>\r\n\t\t\t\t\t<span>31 janvier 2025 de 18h \u00e0 21h<\/span>\r\n\t\t\t\t<\/div>\r\n\t\t\t<\/div>\r\n\t\t<\/div>\r\n\t<\/li>\r\n\r\n\r\n\r\n\r\n\t<li>\r\n\t\t<div class=\"event-grid-wrapper\" style=\"background-image:url('');\">\r\n\t\t\t<div class=\"event-inner-wrapper\">\r\n\t\t\t\t<div class=\"hov-data event-data\">\r\n\t\t\t\t\t<a href=\"https:\/\/mhngatineau.com\/?p=5507\"><h3>Lancement officiel du Mois de l&#8217;Histoire des Noirs \u00e0 Gatineau 2026<\/h3><\/a>\r\n\t\t\t\t\t<span>26 janvier 2026<\/span>\r\n\t\t\t\t<\/div>\r\n\t\t\t<\/div>\r\n\t\t<\/div>\r\n\t<\/li>\r\n\r\n\r\n\r\n\r\n\t<li>\r\n\t\t<div class=\"event-grid-wrapper\" style=\"background-image:url('https:\/\/mhngatineau.com\/wp-content\/uploads\/2024\/01\/475317798_626542446584596_6294746526374967914_n.jpg');\">\r\n\t\t\t<div class=\"event-inner-wrapper\">\r\n\t\t\t\t<div class=\"hov-data event-data\">\r\n\t\t\t\t\t<a href=\"https:\/\/mhngatineau.com\/?p=4455\"><h3>Qu&#8217;est ce que la discrimination ?<\/h3><\/a>\r\n\t\t\t\t\t<span>Jeudi 13 f\u00e9vrier 2025 de 17h30 \u00e0 20h<\/span>\r\n\t\t\t\t<\/div>\r\n\t\t\t<\/div>\r\n\t\t<\/div>\r\n\t<\/li>\r\n\r\n\r\n\r\n\r\n\t<li>\r\n\t\t<div class=\"event-grid-wrapper\" style=\"background-image:url('https:\/\/mhngatineau.com\/wp-content\/uploads\/2024\/01\/IMG_8733.jpg');\">\r\n\t\t\t<div class=\"event-inner-wrapper\">\r\n\t\t\t\t<div class=\"hov-data event-data\">\r\n\t\t\t\t\t<a href=\"https:\/\/mhngatineau.com\/?p=4525\"><h3>La Grande journ\u00e9e de c\u00e9l\u00e9bration: Journ\u00e9e festive Noir-Si-Sons<\/h3><\/a>\r\n\t\t\t\t\t<span>15 f\u00e9vrier 2025, de 11h \u00e0 16h<\/span>\r\n\t\t\t\t<\/div>\r\n\t\t\t<\/div>\r\n\t\t<\/div>\r\n\t<\/li>\r\n\r\n\r\n\r\n\r\n\t<li>\r\n\t\t<div class=\"event-grid-wrapper\" style=\"background-image:url('https:\/\/mhngatineau.com\/wp-content\/uploads\/2025\/01\/cropped-Facebook_900_900-2.png');\">\r\n\t\t\t<div class=\"event-inner-wrapper\">\r\n\t\t\t\t<div class=\"hov-data event-data\">\r\n\t\t\t\t\t<a href=\"https:\/\/mhngatineau.com\/?p=4527\"><h3>Journ\u00e9e de formation en Gouvernance communautaire pour les associations de la communaut\u00e9 noire de Gatineau<\/h3><\/a>\r\n\t\t\t\t\t<span>16 f\u00e9vrier 2025, de 10h \u00e0 15h<\/span>\r\n\t\t\t\t<\/div>\r\n\t\t\t<\/div>\r\n\t\t<\/div>\r\n\t<\/li>\r\n\r\n\r\n\r\n\r\n\t<li>\r\n\t\t<div class=\"event-grid-wrapper\" style=\"background-image:url('https:\/\/mhngatineau.com\/wp-content\/uploads\/2024\/01\/Soiree-de-reseautage-groupe-3737-et-CCNG-catalyseurs-de-synergie-et-de-la-dynamique-entrepreneurial-de-la-communaute-noire-a-Gatineau-9.png');\">\r\n\t\t\t<div class=\"event-inner-wrapper\">\r\n\t\t\t\t<div class=\"hov-data event-data\">\r\n\t\t\t\t\t<a href=\"https:\/\/mhngatineau.com\/?p=4530\"><h3>Soir\u00e9e de r\u00e9seautage Groupe 3737 et CCNG : catalyseurs de synergies et de la dynamique entrepreneuriale de la communaut\u00e9 noire \u00e0 Gatineau<\/h3><\/a>\r\n\t\t\t\t\t<span>21 f\u00e9vrier 2025, de 17h \u00e0 19h<\/span>\r\n\t\t\t\t<\/div>\r\n\t\t\t<\/div>\r\n\t\t<\/div>\r\n\t<\/li>\r\n\r\n\r\n\r\n\r\n\t<li>\r\n\t\t<div class=\"event-grid-wrapper\" style=\"background-image:url('https:\/\/mhngatineau.com\/wp-content\/uploads\/2024\/01\/Synergie-des-organismes-communautaires-sensibilisation-sur-la-sante-mentale-dans-la-communaute-noire-6.png');\">\r\n\t\t\t<div class=\"event-inner-wrapper\">\r\n\t\t\t\t<div class=\"hov-data event-data\">\r\n\t\t\t\t\t<a href=\"https:\/\/mhngatineau.com\/?p=4618\"><h3>Synergie des organismes communautaires<\/h3><\/a>\r\n\t\t\t\t\t<span>22 f\u00e9vrier 2025, de 17h00 \u00e0 21h00<\/span>\r\n\t\t\t\t<\/div>\r\n\t\t\t<\/div>\r\n\t\t<\/div>\r\n\t<\/li>\r\n\r\n\r\n\r\n\r\n\t<li>\r\n\t\t<div class=\"event-grid-wrapper\" style=\"background-image:url('https:\/\/mhngatineau.com\/wp-content\/uploads\/2024\/02\/Panel-25-fevrier-2025-6.png');\">\r\n\t\t\t<div class=\"event-inner-wrapper\">\r\n\t\t\t\t<div class=\"hov-data event-data\">\r\n\t\t\t\t\t<a href=\"https:\/\/mhngatineau.com\/?p=4603\"><h3>La D\u00e9cennie internationale des personnes d&#8217;ascendance africaine (2015-2024): l&#8217;\u00e9tat des lieux et les perspectives d&#8217;avenir.<\/h3><\/a>\r\n\t\t\t\t\t<span>25 f\u00e9vrier 2025, de 17H \u00e0 21h<\/span>\r\n\t\t\t\t<\/div>\r\n\t\t\t<\/div>\r\n\t\t<\/div>\r\n\t<\/li>\r\n\r\n\r\n\r\n\r\n\t<li>\r\n\t\t<div class=\"event-grid-wrapper\" style=\"background-image:url('https:\/\/mhngatineau.com\/wp-content\/uploads\/2024\/01\/COCKTAIL-DE-CLOTURE-MHNG-2025-5.png');\">\r\n\t\t\t<div class=\"event-inner-wrapper\">\r\n\t\t\t\t<div class=\"hov-data event-data\">\r\n\t\t\t\t\t<a href=\"https:\/\/mhngatineau.com\/?p=4547\"><h3>Soir\u00e9e de cl\u00f4ture et de reconnaissance<\/h3><\/a>\r\n\t\t\t\t\t<span>28 f\u00e9vrier 2024, de 18h \u00e0 22h<\/span>\r\n\t\t\t\t<\/div>\r\n\t\t\t<\/div>\r\n\t\t<\/div>\r\n\t<\/li>\r\n\r\n\r\n\r\n\r\n\t<li>\r\n\t\t<div class=\"event-grid-wrapper\" style=\"background-image:url('https:\/\/mhngatineau.com\/wp-content\/uploads\/2024\/01\/COCKTAIL-DE-CLOTURE-MHNG-2025-5.png');\">\r\n\t\t\t<div class=\"event-inner-wrapper\">\r\n\t\t\t\t<div class=\"hov-data event-data\">\r\n\t\t\t\t\t<a href=\"https:\/\/mhngatineau.com\/?p=5512\"><h3>Soir\u00e9e de cl\u00f4ture et de reconnaissance #2<\/h3><\/a>\r\n\t\t\t\t\t<span><\/span>\r\n\t\t\t\t<\/div>\r\n\t\t\t<\/div>\r\n\t\t<\/div>\r\n\t<\/li>\r\n\r\n\r\n\r\n\r\n<\/ul>\r\n\r\n\r\n\r\n\t\t<div class=\"elementor-shortcode\"><\/div>\n\t\t\t\t\t\t<\/div>\n\t\t\t\t<\/div>\n\t\t\t\t\t<\/div>\n\t\t<\/div>\n\t\t\t\t\t<\/div>\n\t\t<\/section>\n\t\t\t\t<\/div>\r\n\t\t\t\t<\/div>\r\n\t\t\t\t\t\t<\/div>\n\t\t\t\t<\/div>\n\t\t\t\t\t<\/div>\n\t\t<\/div>\n\t\t\t\t\t<\/div>\n\t\t<\/section>\n\t\t\t\t<section class=\"elementor-section elementor-top-section elementor-element elementor-element-ddf0f8f elementor-section-boxed elementor-section-height-default elementor-section-height-default\" data-id=\"ddf0f8f\" data-element_type=\"section\" data-e-type=\"section\">\n\t\t\t\t\t\t<div class=\"elementor-container elementor-column-gap-default\">\n\t\t\t\t\t<div class=\"elementor-column elementor-col-100 elementor-top-column elementor-element elementor-element-b157123\" data-id=\"b157123\" data-element_type=\"column\" data-e-type=\"column\">\n\t\t\t<div class=\"elementor-widget-wrap elementor-element-populated\">\n\t\t\t\t\t\t<div class=\"elementor-element elementor-element-4cfd739 elementor-widget elementor-widget-heading\" data-id=\"4cfd739\" data-element_type=\"widget\" data-e-type=\"widget\" data-widget_type=\"heading.default\">\n\t\t\t\t<div class=\"elementor-widget-container\">\n\t\t\t\t\t<h2 class=\"elementor-heading-title elementor-size-default\">Collaborateurs et partenaires<\/h2>\t\t\t\t<\/div>\n\t\t\t\t<\/div>\n\t\t\t\t<div class=\"elementor-element elementor-element-af17679 my_partne elementor-skin-carousel elementor-arrows-yes elementor-widget elementor-widget-media-carousel\" data-id=\"af17679\" data-element_type=\"widget\" data-e-type=\"widget\" data-settings=\"{&quot;slides_per_view&quot;:&quot;4&quot;,&quot;slides_to_scroll&quot;:&quot;1&quot;,&quot;slides_per_view_mobile&quot;:&quot;1&quot;,&quot;slides_to_scroll_mobile&quot;:&quot;1&quot;,&quot;skin&quot;:&quot;carousel&quot;,&quot;effect&quot;:&quot;slide&quot;,&quot;show_arrows&quot;:&quot;yes&quot;,&quot;speed&quot;:500,&quot;autoplay&quot;:&quot;yes&quot;,&quot;autoplay_speed&quot;:5000,&quot;loop&quot;:&quot;yes&quot;,&quot;pause_on_hover&quot;:&quot;yes&quot;,&quot;pause_on_interaction&quot;:&quot;yes&quot;,&quot;space_between&quot;:{&quot;unit&quot;:&quot;px&quot;,&quot;size&quot;:10,&quot;sizes&quot;:[]},&quot;space_between_tablet&quot;:{&quot;unit&quot;:&quot;px&quot;,&quot;size&quot;:10,&quot;sizes&quot;:[]},&quot;space_between_mobile&quot;:{&quot;unit&quot;:&quot;px&quot;,&quot;size&quot;:10,&quot;sizes&quot;:[]}}\" data-widget_type=\"media-carousel.default\">\n\t\t\t\t<div class=\"elementor-widget-container\">\n\t\t\t\t\t\t\t\t\t<div class=\"elementor-swiper\">\r\n\t\t\t\t\t<div class=\"elementor-main-swiper swiper\" role=\"region\" aria-roledescription=\"carousel\" aria-label=\"Slides\">\r\n\t\t\t\t<div class=\"swiper-wrapper\">\r\n\t\t\t\t\t\t\t\t\t\t\t<div class=\"swiper-slide\" role=\"group\" aria-roledescription=\"slide\">\r\n\t\t\t\t\t\t\t\t\t<div class=\"elementor-carousel-image\" role=\"img\" aria-label=\"admin-ajax (1)\" style=\"background-image: url(&#039;https:\/\/mhngatineau.com\/wp-content\/uploads\/2023\/01\/admin-ajax-1-1.png&#039;)\">\r\n\r\n\t\t\t\r\n\t\t\t\t\t<\/div>\r\n\t\t\t\t\t\t\t\t<\/div>\r\n\t\t\t\t\t\t\t\t\t\t\t<div class=\"swiper-slide\" role=\"group\" aria-roledescription=\"slide\">\r\n\t\t\t\t\t\t\t\t\t<div class=\"elementor-carousel-image\" role=\"img\" aria-label=\"Ville de Gatineau\" style=\"background-image: url(&#039;https:\/\/mhngatineau.com\/wp-content\/uploads\/2020\/01\/ville-gatineau.jpg&#039;)\">\r\n\r\n\t\t\t\r\n\t\t\t\t\t<\/div>\r\n\t\t\t\t\t\t\t\t<\/div>\r\n\t\t\t\t\t\t\t\t\t\t\t<div class=\"swiper-slide\" role=\"group\" aria-roledescription=\"slide\">\r\n\t\t\t\t\t\t\t\t\t<div class=\"elementor-carousel-image\" role=\"img\" aria-label=\"Gouvernement du Qu\u00e9bec\" style=\"background-image: url(&#039;https:\/\/mhngatineau.com\/wp-content\/uploads\/2020\/01\/logo_servicesqc-aide_financiere.png&#039;)\">\r\n\r\n\t\t\t\r\n\t\t\t\t\t<\/div>\r\n\t\t\t\t\t\t\t\t<\/div>\r\n\t\t\t\t\t\t\t\t\t\t\t<div class=\"swiper-slide\" role=\"group\" aria-roledescription=\"slide\">\r\n\t\t\t\t\t\t\t\t\t<div class=\"elementor-carousel-image\" role=\"img\" aria-label=\"CCUNESCO logo-col-fr\" style=\"background-image: url(&#039;https:\/\/mhngatineau.com\/wp-content\/uploads\/2021\/01\/ccunesco-logo-col-fr.png&#039;)\">\r\n\r\n\t\t\t\r\n\t\t\t\t\t<\/div>\r\n\t\t\t\t\t\t\t\t<\/div>\r\n\t\t\t\t\t\t\t\t\t<\/div>\r\n\t\t\t\t\t\t\t\t\t\t\t\t\t\t\t<div class=\"elementor-swiper-button elementor-swiper-button-prev\" role=\"button\" tabindex=\"0\" aria-label=\"Previous\">\r\n\t\t\t\t\t\t\t<i aria-hidden=\"true\" class=\"eicon-chevron-left\"><\/i>\t\t\t\t\t\t<\/div>\r\n\t\t\t\t\t\t<div class=\"elementor-swiper-button elementor-swiper-button-next\" role=\"button\" tabindex=\"0\" aria-label=\"Next\">\r\n\t\t\t\t\t\t\t<i aria-hidden=\"true\" class=\"eicon-chevron-right\"><\/i>\t\t\t\t\t\t<\/div>\r\n\t\t\t\t\t\t\t\t\t\t\t\t\t\t\t\t\t<\/div>\r\n\t\t\t\t<\/div>\r\n\t\t\t\t\t\t\t\t<\/div>\n\t\t\t\t<\/div>\n\t\t\t\t<div class=\"elementor-element elementor-element-dece883 my-p elementor-widget elementor-widget-text-editor\" data-id=\"dece883\" data-element_type=\"widget\" data-e-type=\"widget\" data-widget_type=\"text-editor.default\">\n\t\t\t\t<div class=\"elementor-widget-container\">\n\t\t\t\t\t\t\t\t\t<div class=\"message-wrapper\"><div id=\"63cf7ecad486e8000f405b20\" class=\"message \"><div class=\"message-content\"><div><div><p class=\"message-body\">MHNGatineau.com est une plateforme de partage et de promotion des \u00e9v\u00e9nements du mois de l\u2019histoire des Noirs \u00e0 Gatineau. Mhngatineau.com d\u00e9cline toute responsabilit\u00e9 quant au contenu et d\u00e9roulement des activi\u00e9s propos\u00e9es. Pour nous faire parvenir vos activit\u00e9s, utilisez la page contact.<\/p><\/div><\/div><\/div><\/div><\/div><div class=\"message-wrapper\"><div id=\"63cf7ee7040d60004fa796c5\" class=\"message \">\u00a0<\/div><\/div>\t\t\t\t\t\t\t\t<\/div>\n\t\t\t\t<\/div>\n\t\t\t\t\t<\/div>\n\t\t<\/div>\n\t\t\t\t\t<\/div>\n\t\t<\/section>\n\t\t\t\t<\/div>\n\t\t","protected":false},"excerpt":{"rendered":"<p>Programmation du Mois de l\u2019histoire des Noirs 2023 Ville de Gatineau Th\u00e8me\u00a0: Jeunesse en action ! Du 1er au 28 f\u00e9vrier 2023, Gatineau c\u00e9l\u00e8bre le Mois de l\u2019histoire des Noirs sous le th\u00e8me \u201cUne jeunesse en action\u201d. Cette 21\u00e8me\u00e9dition veut mettre en valeur cette jeunesse noire qui nous fait r\u00eaver d\u2019un avenir meilleur pour les [&hellip;]<\/p>\n","protected":false},"author":2,"featured_media":0,"parent":0,"menu_order":0,"comment_status":"closed","ping_status":"closed","template":"elementor_header_footer","meta":{"_acf_changed":false,"footnotes":""},"class_list":["post-2897","page","type-page","status-publish","hentry","post-thumb"],"acf":[],"jetpack_sharing_enabled":true,"_links":{"self":[{"href":"https:\/\/mhngatineau.com\/index.php?rest_route=\/wp\/v2\/pages\/2897","targetHints":{"allow":["GET"]}}],"collection":[{"href":"https:\/\/mhngatineau.com\/index.php?rest_route=\/wp\/v2\/pages"}],"about":[{"href":"https:\/\/mhngatineau.com\/index.php?rest_route=\/wp\/v2\/types\/page"}],"author":[{"embeddable":true,"href":"https:\/\/mhngatineau.com\/index.php?rest_route=\/wp\/v2\/users\/2"}],"replies":[{"embeddable":true,"href":"https:\/\/mhngatineau.com\/index.php?rest_route=%2Fwp%2Fv2%2Fcomments&post=2897"}],"version-history":[{"count":118,"href":"https:\/\/mhngatineau.com\/index.php?rest_route=\/wp\/v2\/pages\/2897\/revisions"}],"predecessor-version":[{"id":5281,"href":"https:\/\/mhngatineau.com\/index.php?rest_route=\/wp\/v2\/pages\/2897\/revisions\/5281"}],"wp:attachment":[{"href":"https:\/\/mhngatineau.com\/index.php?rest_route=%2Fwp%2Fv2%2Fmedia&parent=2897"}],"curies":[{"name":"wp","href":"https:\/\/api.w.org\/{rel}","templated":true}]}}