{"id":329,"date":"2014-11-30T04:04:39","date_gmt":"2014-11-30T04:04:39","guid":{"rendered":"http:\/\/mhngatineau.com\/?page_id=329"},"modified":"2014-11-30T04:04:39","modified_gmt":"2014-11-30T04:04:39","slug":"programmation-fevrier-2015","status":"publish","type":"page","link":"https:\/\/mhngatineau.com\/?page_id=329","title":{"rendered":"MHN 2015"},"content":{"rendered":"<p><strong>Jeudi 29\u00a0janvier 2015 \u00e0 17\u00a0h\u00a030<\/strong><br \/>\n<strong>Coup d\u2019envoi officiel de la programmation<\/strong><br \/>\nLes Brasseurs du Temps, 170, rue Montcalm<\/p>\n<p>Le public, les invit\u00e9s et les m\u00e9dias sont invit\u00e9s \u00e0 c\u00e9l\u00e9brer le lancement de la programmation du Mois de l\u2019histoire des Noirs\u00a02015 sur le th\u00e8me Noir et fier. Un 5\u00a0\u00e0\u00a07 vibrant au rythme de la musique et de la danse!<\/p>\n<p>Entr\u00e9e\u00a0: gratuite<\/p>\n<p>Renseignements\u00a0: A\u00efchatou Tour\u00e9, 819\u00a0923-5151, mhngatineau@gmail.com, www.mhngatineau.com<\/p>\n<p><em>Pr\u00e9sent\u00e9 par la Ville de Gatineau en partenariat avec le <\/em><em>Conseil de la communaut\u00e9 noire de Gatineau<\/em><\/p>\n<p>&nbsp;<\/p>\n<p><strong>Jeudi 5\u00a0f\u00e9vrier 2015, \u00e0 19 h 30\u00a0h<\/strong><br \/>\n<strong>Causerie-conf\u00e9rence\u00a0: <em>Quelles le\u00e7ons peut-on tirer de la gestion de l\u2019\u00e9pid\u00e9mie du virus Ebola en Afrique de l\u2019Ouest?<\/em><\/strong><br \/>\nD\u00e9panneur Sylvestre, 9, rue Fortier<\/p>\n<p>Nul n\u2019ignore que l\u2019\u00e9pid\u00e9mie du virus Ebola a fait plus de 9000\u00a0d\u00e9c\u00e8s et plusieurs milliers de personnes en sont infect\u00e9es. La Sierra Leone, le Lib\u00e9ria, la Guin\u00e9e et le Mali sont les pays les plus durement touch\u00e9s par cette \u00e9pid\u00e9mie. Il est important de chercher \u00e0 comprendre la gestion de cette crise sanitaire par les autorit\u00e9s publiques africaines. Est-ce que la culture et le manque d\u2019\u00e9ducation sanitaire en sont les causes? De plus, comment peut-on expliquer la r\u00e9action tardive de la communaut\u00e9 internationale \u00e0 intervenir pour r\u00e9duire les pertes de vies humaines? L\u2019inexistence d\u2019un vaccin pour pr\u00e9venir cette \u00e9pid\u00e9mie en Afrique serait-elle justifi\u00e9e alors que le virus a \u00e9t\u00e9 identifi\u00e9 en 1976? Autant de questions qui m\u00e9ritent d\u2019\u00eatre abord\u00e9es dans le cadre d\u2019une causerie-conf\u00e9rence.<\/p>\n<p>Intervenants\u00a0:<\/p>\n<p>Raymond Narcisse, m\u00e9decin \u00e0 la retraite, vice-pr\u00e9sident de la Soci\u00e9t\u00e9 Les Samedis litt\u00e9raires<\/p>\n<p>Kalula Kalumbay, m\u00e9decin \u00e0 la retraite, ancien fonctionnaire de l\u2019Organisation mondiale pour la sant\u00e9 pour l\u2019Afrique<\/p>\n<p>Entr\u00e9e\u00a0: gratuite<\/p>\n<p>Renseignements\u00a0: 819\u00a0771-3723<\/p>\n<p><em>Pr\u00e9sent\u00e9e par le Conseil de la communaut\u00e9 noire de Gatineau<\/em><\/p>\n<p>&nbsp;<\/p>\n<p><strong>Samedi 7 et 28\u00a0f\u00e9vrier<\/strong>\u00a0<strong>2015<\/strong><br \/>\n<strong>Initiation au patinage sur glace<\/strong><br \/>\nPatinoire du ruisseau de la Brasserie, rue Montcalm<\/p>\n<p>Afin de permettre aux nouveaux arrivants de profiter de ce site enchanteur et d\u00e9couvrir le patinage d\u2019hiver, la Section de la diversit\u00e9 culturelle de la Ville de Gatineau organise des cours de patinage pour d\u00e9butants avec instructeur. Les familles sont vivement encourag\u00e9es \u00e0 participer.<\/p>\n<p>L\u2019activit\u00e9 sera enti\u00e8rement gratuite. Selon les disponibilit\u00e9s, les patins seront pr\u00eat\u00e9s gratuitement avec la <strong>carte Acc\u00e8s Gatineau<\/strong>. Apportez votre casque de hockey, ou de v\u00e9lo, ou de skis.<\/p>\n<p>Renseignements et inscription\u00a0: 819\u00a0243-2345, poste\u00a02544, info-diversite@gatineau.ca<\/p>\n<p><em>Pr\u00e9sent\u00e9e par la Ville de Gatineau<\/em><\/p>\n<p>&nbsp;<\/p>\n<p><strong>Dimanche 15\u00a0f\u00e9vrier 2015, de midi \u00e0 15\u00a0h<\/strong><br \/>\n<strong>Carnaval Soleil polaire\u00a0: <\/strong><strong>une activit\u00e9 familiale et interculturelle<\/strong><br \/>\n\u00c9cole secondaire Mont-Bleu, 389, boulevard de la Cit\u00e9-des-Jeunes<\/p>\n<p>Le Carnaval Soleil polaire se tiendra \u00e0 l\u2019\u00e9cole secondaire Mont-Bleu dans le cadre de la Gatineau Loppet. C\u2019est la 3<sup>e<\/sup>\u00a0\u00e9dition!<\/p>\n<p>Montez en groupe sur des skis de huit m\u00e8tres de long pour relever le d\u00e9fi de 100\u00a0m\u00e8tres! Profitez des structures gonflables gratuites, des activit\u00e9s d\u2019animation autour d\u2019un feu pour vous r\u00e9chauffer et d\u2019un bon chocolat chaud.<\/p>\n<p>Participez en famille \u00e0 la mini de deux kilom\u00e8tres (des frais s\u2019appliquent), \u00e9coutez la conf\u00e9rence de Pierre Lavoie, dansez sur les rythmes du monde et savourez de petites bouch\u00e9es aux saveurs internationales.<\/p>\n<p><strong>Inscription gratuite d\u00e8s midi \u00e0 l\u2019accueil<\/strong><\/p>\n<p>Renseignements\u00a0: Ad\u00e8le Benoit, 819\u00a0778-5014, poste\u00a020<\/p>\n<p><em>Pr\u00e9sent\u00e9<\/em><em> gr\u00e2ce \u00e0 la collaboration de Mireille Apollon, conseill\u00e8re municipale du district de l\u2019Or\u00e9e-du-Parc, de Louise Boudrias, conseill\u00e8re municipale du d<strong>istrict du Parc-de-la-Montagne\u2013Saint-Raymond, de la Gatineau Loppet et de <\/strong>la Ville de Gatineau.<\/em><\/p>\n<p>&nbsp;<\/p>\n<p><strong>Mardi 17\u00a0f\u00e9vrier 2015, de 19\u00a0h \u00e0 20\u00a0h\u00a030<\/strong><br \/>\n<strong>Conf\u00e9rence\u00a0: <em>L\u2019histoire des Noirs au Canada\u00a0: survol de personnages fascinants<\/em><\/strong><br \/>\nBiblioth\u00e8que Lucy-Faris, 115, rue Principale<\/p>\n<p>Saviez-vous qu\u2019une des dix provinces canadiennes a \u00e9t\u00e9 fond\u00e9e par un immigrant noir? Saviez-vous que la personne qui a fait les premiers contacts avec les Am\u00e9rindiens lors du voyage inaugural de Samuel de Champlain \u00e9tait un Africain polyglotte? Il y a tant \u00e0 d\u00e9couvrir au sujet de l\u2019apport des afro-descendants dans l\u2019histoire du Canada!<\/p>\n<p>Entr\u00e9e\u00a0: 3\u00a0$ <strong><span style=\"text-decoration:underline;\">Inscription requise<\/span><\/strong><\/p>\n<p>Conf\u00e9renci\u00e8re\u00a0: Rachel D\u00e9coste, historienne et blogueuse au <em>Huffington Post<\/em><\/p>\n<p><em>Pr\u00e9sent\u00e9e par la biblioth\u00e8que municipale de Gatineau<\/em><\/p>\n<p>&nbsp;<\/p>\n<p><strong>Mercredi 18\u00a0f\u00e9vrier 2015, \u00e0 17 h 30<\/strong><br \/>\n<strong>Causerie-conf\u00e9rence\u00a0: <em>Perception de la communaut\u00e9 noire face \u00e0 la justice<\/em><\/strong><br \/>\nSalle de conf\u00e9rence de la biblioth\u00e8que de la Maison-du-Citoyen, 25, rue Laurier<\/p>\n<p>Certains membres de la communaut\u00e9 noire estiment qu\u2019ils ne subissent pas le m\u00eame traitement par les forces de l\u2019ordre et les autorit\u00e9s judiciaires. Pour certains, il s\u2019agit de profilage racial de la part de la police et les prisons regorgent de personnes de minorit\u00e9 visible de descendances africaines. Donc, il existe un malaise ou une m\u00e9fiance. Comment peut-on expliquer l\u2019incompr\u00e9hension mutuelle entre la communaut\u00e9 noire de la r\u00e9gion et les autorit\u00e9s publiques? C\u2019est l\u2019occasion d\u2019en discuter pour faciliter le dialogue afin de pr\u00e9venir les conflits. Le Conseil de la communaut\u00e9 noire de Gatineau organise cette causerie-conf\u00e9rence sur cette th\u00e9matique pour tenter de comprendre l\u2019ampleur de ce probl\u00e8me dans la r\u00e9gion.<\/p>\n<p>Intervenants\u00a0:<\/p>\n<p>Andy Eustache, philosophe, m\u00e9diateur et avocat<br \/>\nPatrick D\u00e9sulm\u00e9, criminologue, constable, Service de police d\u2019Ottawa<br \/>\nAndr\u00e9 Dubois, lieutenant, Service de police de la Ville de Gatineau<br \/>\nT\u00e9moignages de victimes d\u2019abus<\/p>\n<p>Renseignements\u00a0: 819\u00a0771-3723<\/p>\n<p><em>Pr\u00e9sent\u00e9e par le Conseil de la communaut\u00e9 noire de Gatineau<\/em><\/p>\n<p>&nbsp;<\/p>\n<p><strong>Jeudi 19\u00a0f\u00e9vrier 2015, de 20\u00a0h <\/strong><strong>\u00e0 22\u00a0h<\/strong><br \/>\n<strong>Spectacle de Boucar Diouf<\/strong><br \/>\nSalle Odyss\u00e9e, 855, boulevard de la Gappe<\/p>\n<p><strong><span style=\"text-decoration:underline;\">Des repr\u00e9sentations suppl\u00e9mentaires \u00e0 surveiller<\/span><\/strong><strong>!<\/strong><\/p>\n<p>C\u2019est un voyage humoristico-scientifique au c\u0153ur de la vie. Boucar l\u2019humoriste y retrouve son chapeau de docteur en biologie.<\/p>\n<p>Voici une production jamais vue dans l\u2019univers de l\u2019humour au Qu\u00e9bec. Vous sortirez certainement de ce spectacle le c\u0153ur l\u00e9ger, la rate dilat\u00e9e et le cerveau stimul\u00e9!<\/p>\n<p>Entr\u00e9e\u00a0: 42\u00a0$ et 38\u00a0$ (d\u00e9tenteurs de la carte Odyss\u00e9e)<\/p>\n<p><em>Pr\u00e9sent\u00e9 par la salle Odyss\u00e9e de la maison de la culture<\/em><\/p>\n<p>&nbsp;<\/p>\n<p><strong>Vendredi 20\u00a0f\u00e9vrier 2015, de 18\u00a0h \u00e0 minuit<\/strong><br \/>\n<strong>Soir\u00e9e Canada-Cameroun<\/strong><br \/>\nC\u00e9gep de l\u2019Outaouais, 333, boulevard de la Cit\u00e9-des-Jeunes<\/p>\n<p>Une soir\u00e9e chaude en plein mois de f\u00e9vrier pour pr\u00e9senter et soutenir les activit\u00e9s de coop\u00e9ration internationale de l\u2019organisme \u00c9duc. Enfance International.<\/p>\n<p>18\u00a0h\u00a0: Sp\u00e9cialit\u00e9s africaines \u00e0 d\u00e9guster et kiosques d\u2019art africain<br \/>\n20\u00a0h\u00a0: Spectacles d\u2019artistes vari\u00e9s (danse, chant et musique)<br \/>\n22\u00a0h\u00a0: Soir\u00e9e dansante<\/p>\n<p>Vid\u00e9o pr\u00e9sentant les projets d\u2019\u00c9duc. Enfance International<\/p>\n<p>Entr\u00e9e\u00a0: 15\u00a0$<\/p>\n<p>Renseignements\u00a0: Jos\u00e9e Gorman, 819\u00a0962-6240 ou jogorman78@hotmail.com; \u00c9tienne Owona, 819\u00a0665-7155<\/p>\n<p><em>Pr\u00e9sent\u00e9e par \u00c9duc. Enfance International<\/em><\/p>\n<p>&nbsp;<\/p>\n<p><strong>Samedi 21\u00a0f\u00e9vrier 2015, de midi \u00e0 15\u00a0h<\/strong><br \/>\n<strong>Journ\u00e9e festive <em>Noirs-Si-Sons<\/em><\/strong><br \/>\nAgora Gilles-Rocheleau de la Maison du citoyen, 25, rue Laurier<\/p>\n<p>Joignez-vous \u00e0 cette journ\u00e9e festive o\u00f9 spectacles, artisanat, d\u00e9gustations de mets typiques et expositions d\u2019\u0153uvres d\u2019art seront au rendez-vous. Venez d\u00e9couvrir la richesse de la culture et du patrimoine des communaut\u00e9s noires \u00e0 Gatineau. Les activit\u00e9s sont gratuites!<\/p>\n<p>Renseignements\u00a0: A\u00efchatou Tour\u00e9, 819\u00a0923-5151, mhngatineau@gmail.com, www.mhngatineau.com<\/p>\n<p><em><a href=\"https:\/\/mtlonthemap.com\/wp-content\/uploads\/2015\/02\/exposants-noirs-si-sons-2015.jpg\"><img fetchpriority=\"high\" decoding=\"async\" class=\"alignnone size-full wp-image-406\" src=\"https:\/\/mtlonthemap.com\/wp-content\/uploads\/2015\/02\/exposants-noirs-si-sons-2015.jpg\" alt=\"\" width=\"700\" height=\"1153\" \/><\/a> par la Ville de Gatineau en partenariat avec le Conseil de la communaut\u00e9 noire de Gatineau<\/em><\/p>\n<p>&nbsp;<\/p>\n<p><strong>Samedi 21\u00a0f\u00e9vrier 2015, de 11\u00a0h \u00e0 15\u00a0h<\/strong><br \/>\n<strong>Projet Biblioth\u00e8que \u00ab\u00a0vivante\u00a0\u00bb<\/strong><br \/>\nBiblioth\u00e8que de la Maison-du-Citoyen, 25, rue Laurier<\/p>\n<p>Profitez de votre visite \u00e0 <em>Noirs-Si-Sons<\/em>\u00a02015 pour faire un tour \u00e0 la biblioth\u00e8que de la Maison-du-Citoyen afin de participer au projet pilote de biblioth\u00e8que \u00ab\u00a0vivante\u00a0\u00bb.<\/p>\n<p>Biblioth\u00e8que \u00ab\u00a0vivante\u00a0\u00bb r\u00e9side dans le fait que nous, \u00e0 la biblioth\u00e8que municipale, \u00ab\u00a0pr\u00eatons\u00a0\u00bb des personnes qui acceptent avec plaisir de livrer un chapitre de leur vie \u00e0 \u00ab\u00a0l\u2019emprunteur\u00a0\u00bb durant une vingtaine de minutes.<\/p>\n<p>Imaginez un instant pouvoir emprunter un livre vivant, une personne r\u00e9elle d\u2019origine ou d\u2019occupation diverse et lui poser toutes les questions qui vous intriguent et que vous n\u2019avez pas pu poser jusqu\u2019\u00e0 maintenant.<\/p>\n<p>Entr\u00e9e\u00a0: gratuite<\/p>\n<p>Renseignements\u00a0: Kayleigh Felice, 819\u00a0243-2345, poste\u00a07484, felice.kayleigh@gatineau.ca<\/p>\n<p><em>Pr\u00e9sent\u00e9 par la biblioth\u00e8que municipale de Gatineau en collaboration avec la biblioth\u00e8que publique d\u2019Ottawa et CBC\u00a0Radio-Canada<\/em><\/p>\n<p>&nbsp;<\/p>\n<p><strong>Samedi 21\u00a0f\u00e9vrier 2015, de 15\u00a0h\u00a030 <\/strong><strong>\u00e0 17\u00a0h\u00a030<\/strong><br \/>\n<strong>Symposium\u00a0:<em> Enjeux de l\u2019entrepreneuriat des immigrants dans la r\u00e9gion de la capitale nationale<\/em><\/strong><br \/>\nMaison du citoyen, salle des F\u00eates, 25, rue Laurier<\/p>\n<p>Le Forum des cultures en dialogue (FOCUDIA) a le plaisir de vous inviter \u00e0 un symposium qu\u2019il organise sur les enjeux et les perspectives de l\u2019entrepreneuriat des personnes de minorit\u00e9 visible dans la r\u00e9gion de la capitale nationale.<\/p>\n<p>Il se trouve n\u00e9anmoins que de nombreuses lourdeurs institutionnelles et structurelles freinent la capacit\u00e9 des personnes de minorit\u00e9 visible \u00e0 cr\u00e9er de petites et moyennes entreprises et \u00e0 int\u00e9grer le monde de l\u2019entreprise. Lorsqu\u2019elles parviennent \u00e0 se lancer en affaires, elles semblent faire face \u00e0 un plafond de verre puisque selon un rapport d\u2019Industrie Canada, 77\u00a0% des entreprises appartenant \u00e0 des personnes de minorit\u00e9 visible sont des microentreprises qui comptent moins de cinq employ\u00e9s.<\/p>\n<p>Gr\u00e2ce \u00e0 leur expertise, nos conf\u00e9renciers se feront le plaisir de discuter avec essentiellement un parterre de personnes de minorit\u00e9 visible contemplant l\u2019id\u00e9e de se lancer en affaires, mais dont l\u2019enthousiasme est encore refroidi par le doute et de nombreux mythes.<\/p>\n<p>Entr\u00e9e\u00a0: gratuite<\/p>\n<p>Renseignements\u00a0: Pierre Ndouma\u00ef, 613\u00a0400-8966<span style=\"text-decoration:underline;\">,<\/span> www.dialoguecultures.ca<\/p>\n<p><em>Pr\u00e9sent\u00e9 par le Forum des cultures en dialogue<\/em><\/p>\n<p>&nbsp;<\/p>\n<p><strong>Jeudi 26\u00a0f\u00e9vrier 2015 \u00e0 19\u00a0h<\/strong><br \/>\n<strong>Soir\u00e9e-conf\u00e9rence\u00a0: <em>L\u2019Afrique\u00a0: terre d\u2019espoir!<\/em><\/strong><br \/>\nH\u00f4tel Ramada, salle Casino Royal Salomon, 75, rue d\u2019Edmonton<\/p>\n<p>La journaliste bien connue et auteure du livre <em>Lumi\u00e8re d\u2019Afrique<\/em>, madame <strong>Sophie Langlois<\/strong>, sera la conf\u00e9renci\u00e8re. Elle sera accompagn\u00e9e de son conjoint, le photographe <strong>Normand Blouin<\/strong>, qui saisira l\u2019occasion pour pr\u00e9senter des clich\u00e9s du continent africain parmi les plus saisissants, clich\u00e9s qui contribueront \u00e0 \u00e9tayer les propos de notre conf\u00e9renci\u00e8re.<\/p>\n<p>La soir\u00e9e est organis\u00e9e par DIKU Dilenga Canada, un organisme gatinois compos\u00e9 de citoyens b\u00e9n\u00e9voles \u0153uvrant \u00e0 faire reculer la pauvret\u00e9 en sol africain gr\u00e2ce \u00e0 l\u2019entrepreneuriat, au microcr\u00e9dit et, \u00e0 plus long terme, \u00e0 l\u2019\u00e9ducation.<\/p>\n<p>Entr\u00e9e\u00a0: 20\u00a0$ (adultes) et 10\u00a0$ (\u00e9tudiants). Notez que si vous r\u00e9servez, <strong>un rabais de 5\u00a0$<\/strong> sera accord\u00e9.<\/p>\n<p>R\u00e9servation\u00a0: 819\u00a0776-1623. En ligne\u00a0: http:\/\/diku-dilenga-canada.org\/evenements.<\/p>\n<p>&nbsp;<\/p>\n<p><strong>Jeudi 26\u00a0f\u00e9vrier 2015 \u00e0 20\u00a0h<\/strong><br \/>\n<strong>Spectacle <em>Adouna<\/em> de Karim Diouf<\/strong><br \/>\nMaison du citoyen, salle Jean-Despr\u00e9z, 25, rue Laurier<\/p>\n<p>Karim Diouf nous offre <em>Adouna<\/em>, un album infiniment personnel impr\u00e9gn\u00e9 de ses exp\u00e9riences de vie. Il nous parle de ses pr\u00e9occupations devant le traitement que nous r\u00e9servons \u00e0 la nature, le leurre des richesses mat\u00e9rielles et la difficult\u00e9 qu\u2019\u00e9prouve l\u2019Afrique, \u00ab\u00a0la m\u00e8re de tous\u00a0\u00bb, \u00e0 faire entendre sa voix dans le monde.<\/p>\n<p>Entr\u00e9e\u00a0: 28\u00a0$ (adultes), 25\u00a0$ (a\u00een\u00e9s) et 23\u00a0$ (\u00e9tudiants)<\/p>\n<p>http:\/\/karimdiouf.com<\/p>\n<p><em>Pr\u00e9sent\u00e9 par la Ville de Gatineau<\/em><\/p>\n<p>&nbsp;<\/p>\n<p><strong>Dimanche 1<sup>er<\/sup>\u00a0mars 2015, de 20\u00a0h \u00e0 22\u00a0h<\/strong><br \/>\n<strong>Spectacle <em>Ma m\u00e8re chantait toujours<\/em> de Gr\u00e9gory Charles<\/strong><br \/>\nSalle Odyss\u00e9e, 855, boulevard de la Gappe<\/p>\n<p>C\u2019est \u00e0 sa m\u00e8re que Gregory Charles doit son amour de la musique et sa connaissance des chansons. Avec <em>Ma m\u00e8re chantait toujours<\/em>, il partage ici ses plus beaux souvenirs d\u2019enfance et nous replonge dans l\u2019univers musical de celle qui a berc\u00e9 sa jeunesse et guid\u00e9 ses premiers pas.<\/p>\n<p><em>Ma m\u00e8re chantait toujours<\/em>\u00a0: un r\u00e9cital vibrant et intimiste dans lequel Gregory Charles, sa voix et ses dix doigts dessinent les m\u00e9lodies d\u2019un temps pass\u00e9, d\u2019un temps plus bleu.<\/p>\n<p>Entr\u00e9e\u00a0: 44\u00a0$ et 40\u00a0$ (d\u00e9tenteurs de la carte Odyss\u00e9e)<\/p>\n<p><em>Pr\u00e9sent\u00e9 par la salle Odyss\u00e9e de la maison de la culture<\/em><\/p>\n<p>&nbsp;<\/p>\n<p><strong>Samedi 28\u00a0f\u00e9vrier et dimanche 1<sup>er<\/sup>\u00a0mars 2015, de 11\u00a0h \u00e0 18\u00a0h<\/strong><br \/>\n<strong>Exposition d\u2019\u0153uvres artistiques et artisanales<\/strong><br \/>\nMaison du citoyen, salle des F\u00eates, 25, rue Laurier<\/p>\n<p>Cette exposition vise \u00e0 offrir une visibilit\u00e9 aux \u0153uvres artistiques et artisanales des artistes-artisans d\u2019origine africaine de la r\u00e9gion. Cette exposition s\u2019\u00e9tendra sur deux jours et elle se r\u00e9alisera en collaboration avec la section culturelle des ambassades des pays francophones africains. Il y aura de la po\u00e9sie et des petits go\u00fbters pour les exposants. Tous les artistes et les artisans de la communaut\u00e9 noire sont invit\u00e9s \u00e0 y participer en grand nombre.<\/p>\n<p>Entr\u00e9e\u00a0: gratuite<\/p>\n<p>Renseignements\u00a0: 819\u00a0815-3149<\/p>\n<p><em>Pr\u00e9sent\u00e9e par le Conseil de la communaut\u00e9 noire de Gatineau<\/em><\/p>\n<p>&nbsp;<\/p>\n<p><del><strong>Dimanche 8\u00a0mars 2015, de 20\u00a0h \u00e0 22\u00a0h<\/strong><\/del><strong>\u00a0\u00a0 <\/strong><strong>ANNUL\u00c9<\/strong><br \/>\n<del> <strong>Spectacle <em>Nuit afro-cubaine<\/em><\/strong><\/del><br \/>\n<del> Maison du citoyen, salle Jean-Despr\u00e9z, 25, rue Laurier<\/del><\/p>\n<p><del>Le spectacle <em>Nuit afro-cubaine<\/em> est un voyage musical qui vous transportera des origines folkloriques de la musique afro-cubaine jusqu\u2019au jazz contemporain afro-cubain, tout en passant par diff\u00e9rents styles populaires de ce genre musical. Ce spectacle de deux heures combine les traditions artistiques afro-cubaines, soit la danse, la musique et la po\u00e9sie.<\/del><\/p>\n<p><del>Le musicien principal, Miguel de Armas, n\u00e9 \u00e0 Cuba et r\u00e9sident maintenant \u00e0 Ottawa, sera accompagn\u00e9 par son Latin Jazz Quartet (piano, contrebasse, batterie et tambours). Ils seront accompagn\u00e9s par la chanteuse Caridad Cruz, ainsi que par le chor\u00e9graphe-danseur Julio Hong avec l\u2019Association de danse afro-cubaine de Montr\u00e9al.<\/del><\/p>\n<p><del>Entr\u00e9e\u00a0: 20\u00a0$<\/del><\/p>\n<p><del>Renseignements\u00a0: Yasmina Proveyer, 613\u00a0983-0049<\/del><\/p>\n<p><del><em>Pr\u00e9sent\u00e9 par le Mois de l&#8217;histoire des Noirs<\/em><\/del><\/p>\n<p>&nbsp;<\/p>\n<p><strong>Dimanche 8\u00a0mars 2015, de 16\u00a0h \u00e0 18\u00a0h<\/strong><br \/>\n<strong>Atelier de danse <\/strong><strong>pour tous avec Julio Hong<\/strong><br \/>\nPalestre de la Maison du citoyen, 25, rue Laurier<\/p>\n<p>Pr\u00e9sent\u00e9 en marge du spectacle <em>Nuit afro-cubaine<\/em>, Julio Hong et l\u2019Association afro-cubaine de Montr\u00e9al pr\u00e9sente un atelier de danse afro-cubaine. Voulez-vous apprendre les danses afro-cubaines sur de la musique en direct?<\/p>\n<p>Natif de La\u00a0Havane, <strong>Julio Hong<\/strong> est d\u2019origine chinoise et ha\u00eftienne. Dipl\u00f4m\u00e9 de l\u2019Escuela Nacionale de Arte (\u00c9cole nationale des arts) \u00e0 Cuba, <strong>Hong<\/strong> a fait quelques passages au c\u00e9l\u00e8bre Ballet du Bolcho\u00ef de Russie. \u00ab\u00a0Premier danseur\u00a0\u00bb aux Ballets de la t\u00e9l\u00e9vision cubaine, il \u00e9migre \u00e0 Montr\u00e9al pour travailler, de 1999 \u00e0 2005, avec la Compagnie Marie Chouinard. \u00c0 la t\u00e9l\u00e9vision, il chor\u00e9graphie pendant cinq ans <em>Le Match des \u00e9toiles<\/em> (ICI\u00a0Radio-Canada) ainsi que pour la populaire \u00e9mission <em>So You Think You Can Dance<\/em>\u00a0\u2013 version polonaise\u00a0\u2013 \u00e0 titre de chor\u00e9graphe adjoint. Ne ratez surtout pas l\u2019occasion de danser avec la cr\u00e8me de la cr\u00e8me et c\u2019est gratuit!<\/p>\n<p>Entr\u00e9e\u00a0: gratuite. <strong>Inscription requise. Faites vite, car les places sont limit\u00e9es!<\/strong><\/p>\n<p>Renseignements\u00a0: A\u00efchatou Tour\u00e9, 819 923-5151<\/p>\n<p><em>Pr\u00e9sent\u00e9 par le Mois de l&#8217;histoire des Noirs<\/em><\/p>\n","protected":false},"excerpt":{"rendered":"<p>Jeudi 29\u00a0janvier 2015 \u00e0 17\u00a0h\u00a030 Coup d\u2019envoi officiel de la programmation Les Brasseurs du Temps, 170, rue Montcalm Le public, les invit\u00e9s et les m\u00e9dias sont invit\u00e9s \u00e0 c\u00e9l\u00e9brer le lancement de la programmation du Mois de l\u2019histoire des Noirs\u00a02015 sur le th\u00e8me Noir et fier. Un 5\u00a0\u00e0\u00a07 vibrant au rythme de la musique et [&hellip;]<\/p>\n","protected":false},"author":2,"featured_media":0,"parent":0,"menu_order":0,"comment_status":"open","ping_status":"closed","template":"","meta":{"_acf_changed":false,"footnotes":""},"class_list":["post-329","page","type-page","status-publish","hentry"],"acf":[],"jetpack_sharing_enabled":false,"_links":{"self":[{"href":"https:\/\/mhngatineau.com\/index.php?rest_route=\/wp\/v2\/pages\/329","targetHints":{"allow":["GET"]}}],"collection":[{"href":"https:\/\/mhngatineau.com\/index.php?rest_route=\/wp\/v2\/pages"}],"about":[{"href":"https:\/\/mhngatineau.com\/index.php?rest_route=\/wp\/v2\/types\/page"}],"author":[{"embeddable":true,"href":"https:\/\/mhngatineau.com\/index.php?rest_route=\/wp\/v2\/users\/2"}],"replies":[{"embeddable":true,"href":"https:\/\/mhngatineau.com\/index.php?rest_route=%2Fwp%2Fv2%2Fcomments&post=329"}],"version-history":[{"count":1,"href":"https:\/\/mhngatineau.com\/index.php?rest_route=\/wp\/v2\/pages\/329\/revisions"}],"predecessor-version":[{"id":5244,"href":"https:\/\/mhngatineau.com\/index.php?rest_route=\/wp\/v2\/pages\/329\/revisions\/5244"}],"wp:attachment":[{"href":"https:\/\/mhngatineau.com\/index.php?rest_route=%2Fwp%2Fv2%2Fmedia&parent=329"}],"curies":[{"name":"wp","href":"https:\/\/api.w.org\/{rel}","templated":true}]}}