{"id":38,"date":"2013-11-03T01:16:11","date_gmt":"2013-11-03T01:16:11","guid":{"rendered":"http:\/\/mhngatineau.wordpress.com\/?page_id=38"},"modified":"2013-11-03T01:16:11","modified_gmt":"2013-11-03T01:16:11","slug":"programmation-du-mois","status":"publish","type":"page","link":"https:\/\/mhngatineau.com\/?page_id=38","title":{"rendered":"MHN 2014"},"content":{"rendered":"<p><a href=\"https:\/\/mtlonthemap.com\/wp-content\/uploads\/2014\/02\/noirs-si-sons.jpg\"><img fetchpriority=\"high\" decoding=\"async\" class=\"  wp-image-287 aligncenter\" src=\"https:\/\/mtlonthemap.com\/wp-content\/uploads\/2014\/02\/noirs-si-sons.jpg\" alt=\"noirs-si-sons\" width=\"553\" height=\"855\" srcset=\"https:\/\/mhngatineau.com\/wp-content\/uploads\/2014\/02\/noirs-si-sons.jpg 621w, https:\/\/mhngatineau.com\/wp-content\/uploads\/2014\/02\/noirs-si-sons-194x300.jpg 194w\" sizes=\"(max-width: 553px) 100vw, 553px\" \/><\/a><\/p>\n<p>&nbsp;<\/p>\n<p>Le mercredi 29 janvier \u00e0 10h<\/p>\n<p><b>Projection du film\u00a0: La Route de l\u2019esclave : R\u00e9sistance, Libert\u00e9, H\u00e9ritage \u00bb de l\u2019UNESCO<\/b><br \/>\nMus\u00e9e canadien de l\u2019histoire (100, rue Laurier)<\/p>\n<p>Documentaire d\u2019\u00e9ducation et d\u2019information sp\u00e9cialement destin\u00e9 aux jeunes de la 4\u00e8me \u00e0 la 12\u00e8me ann\u00e9e afin de leur faire comprendre les contributions des africains \u00e0 la construction des soci\u00e9t\u00e9s modernes d\u2019Am\u00e9rique.\u00a0\u00a0\u00a0 <b><\/b><\/p>\n<p>10 h\u00a0: lancement de la 3<sup>e<\/sup> \u00e9dition du concours \u00ab\u00a0Qui sait Gagne\u00a0\u00bb !<br \/>\n11 h \u00e0 11 h 35\u00a0:\u00a0projection du documentaire<br \/>\n11 h 40\u00a0: Visite libre de l\u2019exposition Vodou, du Mus\u00e9e des enfants; de la Grande galerie et des Premiers peuples, de la salle du Canada.<\/p>\n<p>Prix des billets\u00a0: 6 $ par \u00e9l\u00e8ve et gratuit pour les enseignants<\/p>\n<p>Renseignements\u00a0et r\u00e9servations: najat.ghannou@cepeo.on.ca; <a href=\"mailto:abdi.bileh@cepeo.on.ca\">abdi.bileh@cepeo.on.ca<\/a> (coordonnateur du projet)<\/p>\n<p><i>Pr\u00e9sent\u00e9e par l\u2019\u00e9cole pour adultes le Carrefour en collaboration avec le Mus\u00e9e de l\u2019histoire et la Section Histoire et M\u00e9moire de l\u2019UNESCO.<\/i><\/p>\n<p>***********************************************************************<br \/>\nLe jeudi 30 janvier 2014 \u00e0 17 h<br \/>\n<b>Coup d\u2019envoi officiel de la programmation<\/b><b> <\/b><b>\u00a0<\/b>(cocktail, spectacle)<br \/>\nLes<b> <\/b>Brasseurs du Temps BDT (170, Rue Montcalm)<\/p>\n<p>Le public, les invit\u00e9s et les m\u00e9dias sont invit\u00e9s \u00e0 c\u00e9l\u00e9brer le lancement de la programmation du Mois de l\u2019histoire des Noirs\u00a02014 sur le th\u00e8me\u00a0: \u00ab\u00a0C\u00e9l\u00e9brons l\u2019h\u00e9ritage de Mandela\u00a0\u00bb. Un 5 \u00e0 7 vibrant au rythme de la musique, de la danse et des saveurs locales et exotiques.<\/p>\n<p>Prix des billets\u00a0: Gratuit<\/p>\n<p>Les Brasseurs du Temps : <a href=\"http:\/\/www.brasseursdutemps.com\/\">http:\/\/www.brasseursdutemps.com\/<\/a><\/p>\n<p>***********************************************************************<br \/>\nLe samedi 1<sup>er<\/sup> f\u00e9vrier 2014 \u00e0 18h<br \/>\n<b>Souper litt\u00e9raire <\/b><br \/>\nMaison du citoyen &#8211; Salle Gatineau (25, rue Laurier)<\/p>\n<p>La Soci\u00e9t\u00e9 <i>Les Samedis Litt\u00e9raires<\/i> pr\u00e9sente un souper litt\u00e9raire sous le th\u00e8me\u00a0: <b><i>Chak granmo\u00f9n se yon rez\u00e8vwa konesans \u2013 <\/i><\/b>Chaque a\u00een\u00e9 est un r\u00e9servoir de connaissances. Au programme\u00a0: Animation musicale &#8211; Souper \u00e0 partir de 18 h 30 &#8211; r\u00e9cital de po\u00e8mes en fran\u00e7ais et en cr\u00e9ole &#8211; possibilit\u00e9 de vente signature des livres d\u2019Histoire d\u2019Ha\u00efti du professeur Dupuis &#8211; Conf\u00e9rence avec le <b>Docteur Raymond Narcisse<\/b>, suivie d\u2019une p\u00e9riode de discussion.<b><\/b><\/p>\n<p>Prix des billets\u00a0: 40 $<br \/>\nRenseignements\u00a0: <a href=\"http:\/\/samlit.ca\/\">http:\/\/samlit.ca\/<\/a><br \/>\nR\u00e9servations: 613\u00a0738-9202; 819\u00a0643-4795; <a href=\"mailto:samedilitteraire@gmail.com\">samedilitteraire@gmail.com<\/a><\/p>\n<p><i>Pr\u00e9sent\u00e9 par La Soci\u00e9t\u00e9 Les Samedis Litt\u00e9raires<\/i><\/p>\n<p><i>***********************************************************************<\/i><br \/>\nL<del datetime=\"2014-02-01T14:17:07+00:00\">e samedi 1<sup>er<\/sup> f\u00e9vrier 2014 \u00e0 18h<\/del>\u00a0<b>REPORTEE AU 08 FEVRIER LUCIEN-BREAULT \u00a0<\/b><br \/>\n<b>Conf\u00e9rence\u00a0 et spectacle du Festival Afro-Caraib\u00e9en\u00a0<\/b><br \/>\nUQO, Auditorium du pavillon Lucien Brault, 101 rue St-Jean Bosco, Hull.<\/p>\n<p>Conf\u00e9rence sur le th\u00e8me\u00a0: \u00ab\u00a0La v\u00e9rit\u00e9 de l&#8217;histoire ou l&#8217;histoire de la v\u00e9rit\u00e9\u00a0: replacer\u00a0l&#8217;apport des\u00a0Noirs Africains dans la civilisation de l&#8217;universelle dans une perspective historico-culturelle\u00a0\u00bb avec Mr Lumembo Tshiswaka, coordonnateur de la promotion et liaison pour \u00e9tablissement Org \u2013 OCASI. Conf\u00e9rence suivi de spectacles de tambours et danses avec Daniel Kasongo &amp; le Village.<\/p>\n<p>Prix des billets\u00a0: Gratuit<br \/>\nRenseignements\u00a0: <a href=\"http:\/\/www.festivalafrocaraibeen.com\">www.festivalafrocaraibeen.com<\/a><br \/>\nR\u00e9servations: <a href=\"mailto:fac_gatineau@live.ca\">fac_gatineau@live.ca<\/a> ou 613 700-2678<\/p>\n<p><i>Pr\u00e9sent\u00e9e par le Festival Afro-Caraib\u00e9en (FAC) <\/i><\/p>\n<p>*******************************************************************<i><\/i><\/p>\n<p>Le jeudi 06 f\u00e9vrier 2014 de 18h30 \u00e0 20h<br \/>\n<b>Souper conf\u00e9rence<\/b><br \/>\nBar,-Bistro Le Troquet<\/p>\n<p>Le Consortium 241 pr\u00e9sente un souper conf\u00e9rence sur le th\u00e8me <b>\u00ab\u00a0L&#8217;Entrepreneuriat color\u00e9 dans la r\u00e9gion de l&#8217;Outaouais\u00a0\u00bb.<\/b> Au programme : animation musicale \u2013 pr\u00e9sentation du parcours de deux entrepreneurs de la r\u00e9gion sur fond de menu africain. &#8211; Possibilit\u00e9 de faire l&#8217;acquisition d\u2019\u0153uvres d&#8217;arts et cr\u00e9ations de quelques artistes\/artisans de la r\u00e9gion d&#8217;origine africaine. &#8211;<\/p>\n<p>Prix des billets : Gratuit<br \/>\nRenseignements : Facebook.com\/leconsortium241 ; <a href=\"mailto:info@leconsortium241.com\">info@leconsortium241.com<\/a><\/p>\n<p><i>Pr\u00e9sent\u00e9 par Le Consortium 241<\/i><\/p>\n<p><i>\u00a0***************************************************************<\/i><i><\/i><br \/>\nLe vendredi 7 f\u00e9vrier \u00e0 18 h<br \/>\n<strong>Forum sur Nelson Mandela<\/strong><br \/>\nUQO, Auditorium du pavillon Lucien Brault, 101 rue St-Jean Bosco, secteur Hull<\/p>\n<p>Nelson Mandela est mort le 5 d\u00e9cembre 2013, mais son h\u00e9ritage est \u00e9ternel. Comment peut-on comprendre la lutte de ce grand Homme pour la lib\u00e9ration de son peuple? Quelles le\u00e7ons peut-on tirer de ses strat\u00e9gies de lutte pour la libert\u00e9? Le continent africain peut-il encore produire un autre Mandela?<\/p>\n<p>R\u00e9servations\u00a0: 819-743-5195<br \/>\nRenseignements\u00a0: <a href=\"http:\/\/www.ccng.infojuristehaitien.wix.com\/ccng\">http:\/\/www.ccng.info<\/a><i><\/i><\/p>\n<p><i>Pr\u00e9sent\u00e9 par le Conseil de la communaut\u00e9 noire de Gatineau<\/i><\/p>\n<p>***************************************************************<i>&lt;<\/i><\/p>\n<p>Le Vendredi 7 f\u00e9vrier 2014 \u00e0 20 h<br \/>\n<b>Wesli <\/b><br \/>\nCabaret La\u00a0Basoche (120, rue Principale)<\/p>\n<p>Originaire d&#8217;Ha\u00efti, Wesli (Wesley Louissaint) vient d&#8217;une famille o\u00f9 la musique occupait une place centrale. En 2001, il choisit Montr\u00e9al comme terre d&#8217;accueil o\u00f9, peu apr\u00e8s, il se met \u00e0 travailler avec l&#8217;\u00e9quipe des Productions Nuits d&#8217;Afrique, accompagnant ici et l\u00e0 les grands noms de la musique africaine.<\/p>\n<p>Prix des billets\u00a0: 28\u00a0$ (adultes), 25\u00a0$ (a\u00een\u00e9s), 23\u00a0$ (\u00e9tudiants)<br \/>\nRenseignements et billets\u00a0: 819\u00a0243-8000<br \/>\nSite Web: <a href=\"http:\/\/www.wesliband.com\/\">http:\/\/www.wesliband.com\/<\/a><\/p>\n<p><i>Pr\u00e9sent\u00e9 par la Ville de Gatineau<\/i><\/p>\n<p>***********************************************************************<br \/>\nLes Lundi 10 et Vendredi 21 f\u00e9vrier 2014<br \/>\n<b>Sorties culturelles et p\u00e9dagogiques<\/b> <b>pour les enfants de 5 \u00e0 12 ans<\/b><br \/>\nAuditorium du C\u00e9gep de l&#8217;Outaouais &#8211; (333 Boul. Cit\u00e9 des Jeunes)<\/p>\n<p>Un spectacle \u00e9nergique con\u00e7u pour les enfants de 5 \u00e0 12 ans. Ceux-ci pourront vivre une exp\u00e9rience divertissante et \u00e9ducative avec des danses et des rythmes diversifi\u00e9s issus de la culture africaine. Venez c\u00e9l\u00e9brer et partager un moment inoubliable avec des artistes de qualit\u00e9. Un spectacle interactif et dynamique \u00e0 ne pas manquer !<\/p>\n<p>Dur\u00e9e : 1 h 45 mn. 2 repr\u00e9sentations\/jour \u00e0 10h et \u00e0 13h<\/p>\n<p>Prix des billets\u00a0: 6 $ \/personne<br \/>\nRenseignements : http:\/\/samafricadanse.e-monsite.com<br \/>\nR\u00e9servations : M. \u00c9tienne Owona 819 210-3345, <a href=\"http:\/\/samafricadanse.e-monsite.com\/agenda\/danse.africa@yahoo.ca\">danse.africa@yahoo.ca<\/a><\/p>\n<p>Site Web: <a href=\"http:\/\/samafricadanse.e-monsite.com\">http:\/\/samafricadanse.e-monsite.com<\/a><\/p>\n<p><i>Pr\u00e9sent\u00e9 par AFRICADANSE <\/i><\/p>\n<p>*******************************************************************<\/p>\n<p>Le vendredi 14 f\u00e9vrier \u00e0 18 h<br \/>\n<strong>Colloque : Quels sont les grands enjeux du continent africain?<\/strong><br \/>\nUQO, Auditorium du pavillon Lucien Brault, 101 rue St-Jean Bosco, secteur Hull<\/p>\n<p>La guerre fratricide en Afrique aura-t-elle une fin? Les \u00c9tats-Unis d&#8217;Afrique sera-t-il possible un jour? Si oui, quelles sont les conditions requises?<\/p>\n<p>La crise africaine postcoloniale et les diasporas africaines du Canada face au rouleau compresseur de la mondialisation n\u00e9olib\u00e9rale&#8221;. (Prof. Benoit Awazi, CERCLAD).<\/p>\n<p>La crise politique en Afrique &#8211; Le Congo : Un avenir impossible. Une nation b\u00e2tie sur les mensonges o\u00f9 les int\u00e9r\u00eats priv\u00e9s pr\u00e9valent sur ceux de l&#8217;\u00c9tat. (Prof. Jean Richard Baka).<\/p>\n<p>R\u00e9servations : 819-743-5195<br \/>\nRenseignements :<a href=\"http:\/\/www.ccng.infojuristehaitien.wix.com\/ccng\">http:\/\/www.ccng.info<\/a><\/p>\n<p>Pr\u00e9sent\u00e9 par le Conseil de la communaut\u00e9 noire de Gatineau<\/p>\n<p>*******************************************************************<br \/>\nLe samedi 15\u00a0f\u00e9vrier 2014, 16\u00a0h<br \/>\n<b>La journ\u00e9e du livre <\/b><br \/>\nUniversit\u00e9 du Qu\u00e9bec en Outaouais (Agora du pavillon Lucien Brault, 101 rue St-Jean Bosco<b><\/b><\/p>\n<p>Pr\u00e9sentation et d\u00e9dicaces de plusieurs auteurs francophones Noirs de la r\u00e9gion &#8211; Cocktail<\/p>\n<p>Prix des billets : Gratuit<br \/>\nRenseignements : <a href=\"http:\/\/www.festivalafrocaraibeen.com\">www.festivalafrocaraibeen.com<\/a><br \/>\nR\u00e9servations: fac_gatineau@live.ca ou 613 700-2678<\/p>\n<p>Pr\u00e9sent\u00e9 par le Festival Afro-Caraib\u00e9en (FAC)<\/p>\n<p>*******************************************************************<br \/>\nLe samedi 15\u00a0f\u00e9vrier 2014,\u00a020\u00a0h<br \/>\n<b>Soir\u00e9e de danse\u00a0: Salsa Couleur Caf\u00e9 et Saveur Karamel \u00a0\u00a0<\/b><br \/>\nCentre communautaire T\u00e9treau (Parc Moussette, 361 boulevard de Lucerne)<\/p>\n<p>Une soir\u00e9e dansante au son de la musique afro-latine et \u00e0 forte saveur de la Saint-Valentin. Spectacle et animation et atelier de danse afro et latino. \u00ab\u00a0Potluck\u00a0\u00bb au chocolat noir. (Apportez du chocolat noir \u00e0 partager !).<\/p>\n<p>Prix des billets\u00a0: 8\u00a0$<\/p>\n<p>Renseignements et billets\u00a0: <a href=\"http:\/\/www.salsaloca.ca\">www.salsaloca.ca<\/a> , <a href=\"mailto:info@salsaloca.ca\">info@salsaloca.ca<\/a> , 819\u00a0208-9484<\/p>\n<p><i>Pr\u00e9sent\u00e9e par le Club Social Salsa Loca <b><\/b><\/i><\/p>\n<p>***********************************************************************<br \/>\nLe samedi 22\u00a0f\u00e9vrier 2014 de midi \u00e0 16\u00a0h<br \/>\n<b>Journ\u00e9e festive\u00a0: Noirs-si-Sons ! <\/b><br \/>\nAgora Gilles-Rocheleau de la Maison du citoyen, 25, rue Laurier<\/p>\n<p>Joignez-vous \u00e0 cette journ\u00e9e festive o\u00f9 spectacles, artisanat, d\u00e9gustations de mets typiques, expositions d\u2019\u0153uvres d\u2019art seront au rendez-vous. Venez d\u00e9couvrir la richesse de la culture et du patrimoine des communaut\u00e9s noires \u00e0 Gatineau. Les activit\u00e9s sont gratuites!<\/p>\n<p>Renseignements et programmation d\u00e9taill\u00e9e\u00a0sur <a href=\"http:\/\/www.mhngatineau.com\">www.mhngatineau.com<\/a> et <a href=\"http:\/\/www.gatineau.ca\/diversite\">www.gatineau.ca\/diversite<\/a><\/p>\n<p><i>\u00a0<\/i><i>Pr\u00e9sent\u00e9e par le Conseil de la communaut\u00e9 noire de Gatineau en partenariat avec la Ville de Gatineau<\/i><\/p>\n<p><i>\u00a0<\/i><b>\u00a0***********************************************************************<\/b><\/p>\n<p>Le samedi 22\u00a0f\u00e9vrier 2014, de 19\u00a0h 30 \u00e0 23 h 30 (portes ouvertes \u00e0 18 h 30)<br \/>\n<b>La Nuit de l\u2019Humour et de la Danse <\/b><br \/>\nSalle des F\u00eates de la Maison du citoyen (25, rue Laurier)<\/p>\n<p>Spectacles de danse contemporaine africaine avec la troupe <b>CAFRIK<\/b>, compos\u00e9e de jeunes talents de la r\u00e9gion de l\u2019Outaouais et prestations de trois humoristes vedettes, tous originaires de l\u2019Afrique de l\u2019ouest, \u00e0 savoir <b>Francky Le Grand Maitre <\/b>(Boston-USA), <b>Jo\u00ebl <\/b>(Abidjan- C\u00f4te d\u2019Ivoire) et <b>Le Magnific <\/b>(Abidjan-c\u00f4te d\u2019Ivoire) qui se relaieront \u00e0 tour de r\u00f4le sur la sc\u00e8ne pour environ 45 minutes de sketches chacun. Ambiance de cabaret avec un buffet (essentiellement compos\u00e9 de grillades) et bar payant.<\/p>\n<p>Prix des billets\u00a0: de 15 $ \u00e0 25 $<\/p>\n<p>Renseignements\u00a0: <a href=\"http:\/\/www.festivalafrocaraibeen.com\">www.festivalafrocaraibeen.com<\/a><\/p>\n<p>Billets\u00a0: <a href=\"mailto:fac_gatineau@live.ca\">fac_gatineau@live.ca<\/a> ou 613 700-2678<\/p>\n<p><i>\u00a0Pr\u00e9sent\u00e9e par le Festival Afro-Carib\u00e9en (FAC) <\/i><\/p>\n<p><b>\u00a0***********************************************************************<\/b><br \/>\nJusqu\u2019au \u00a023 f\u00e9vrier 2014, ne manquez pas !<br \/>\n<b>Exposition Vodou\u00a0: le vodou ha\u00eftien comme vous ne l\u2019avez<\/b><br \/>\n<b>\u00a0jamais vu!<\/b><br \/>\nMus\u00e9e canadien de l\u2019histoire (100, rue Laurier)<\/p>\n<p>Renseignements: www.civilisations.ca\/vodou<\/p>\n<p>***********************************************************************<\/p>\n<p>Le mardi 25 f\u00e9vrier 2014, 19\u00a0h\u00a0\u00e0 20\u00a0h\u00a030<br \/>\n<b>Safari-photo au Kenya et en Tanzanie <\/b><br \/>\nBiblioth\u00e8que municipale de Gatineau, succursale Guy-Sanche<br \/>\n855, boulevard de la Gappe ; Gatineau (Qu\u00e9bec) J8T 8H9<\/p>\n<p>Un rendez-vous chez les Massa\u00efs avec en toile de fond le majestueux Kilimandjaro et, en prime, un s\u00e9jour sur Zanzibar, l\u2019\u00eele aux \u00e9pices. Un p\u00e9riple de r\u00eave en images et en mots. La rencontre des cinq grands, cibles des chasseurs des safaris africains du XXe si\u00e8cle : le lion, le l\u00e9opard, l\u2019\u00e9l\u00e9phant.<\/p>\n<p>Prix des billets\u00a0: 3 $<\/p>\n<p>T\u00e9l\u00e9phone : 819 595-7460<br \/>\nT\u00e9l\u00e9phone (sans frais) : 819 595-7460<br \/>\nT\u00e9l\u00e9phone (ATS) : 819 595-7460<\/p>\n<p><i>Pr\u00e9sent\u00e9e par Ville de Gatineau <\/i><\/p>\n<p>***********************************************************************<\/p>\n<p>Le samedi 28 f\u00e9vrier,\u00a0 19h<br \/>\n<b>La Nuit Afro Carib\u00e9enne <\/b><br \/>\nUQO Grande salle &#8211; pavillon Tach\u00e9, 283 Boul. Alexandre Tach\u00e9, Hull.<\/p>\n<p>D\u00eener-Gala &#8211; Spectacle mettant en vedette 3 pays afro carib\u00e9ens. Conf\u00e9rence : Mme Mahaoua Konat\u00e9 (ex journaliste et Directrice du journal Afrique Nouvelle Tribune et du magazine La Causette) sur le th\u00e8me\u00a0: place et r\u00f4le de la femme africaine dans le Canada d\u2019aujourd\u2019hui. \u00a8<\/p>\n<p>Prix des billets\u00a0: \u00c0 venir<\/p>\n<p>Renseignements: <a href=\"http:\/\/www.festivalafrocaraibeen.com\">www.festivalafrocaraibeen.com<\/a><\/p>\n<p><a href=\"mailto:fac_gatineau@live.ca\">fac_gatineau@live.ca<\/a> ou 613 700-2678<\/p>\n<p><i>Pr\u00e9sent\u00e9e par le Festival Afro-Carib\u00e9en (FAC) <\/i><\/p>\n<p><i><\/i><i>***********************************************************************<\/i><\/p>\n<p>Le samedi 8 mars 2014 d\u00e8s 17 h<br \/>\n<strong>Soir\u00e9e d\u00e9gustation : \u00abSaveurs africaines &#8211; Au fil de l&#8217;eau ! \u00bb<\/strong><br \/>\n\u00c9cole secondaire Mont-Bleu; 389, boulevard de la Cit\u00e9-des-Jeunes (secteur Hull)<\/p>\n<p>Afin de c\u00e9l\u00e9brer dignement la journ\u00e9e internationale de la femme et pour cl\u00f4turer le <i>Mois de l\u2019histoire des Noirs<\/i> dans le monde, <i>Diku Dilenga Canada<\/i> organise en association avec la Polyvalente Mont-Bleu, une soir\u00e9e : Saveurs africaines &#8211; Au fil de l&#8217;eau<b>! <\/b>Vous aurez donc compris que la probl\u00e9matique de l\u2019eau et son impact sur la femme africaine sera le th\u00e8me central de la soir\u00e9e. Vous aurez \u00e9galement compris que la portion \u00abD\u00e9gustation\u00bb sera\u00a0 \u00e0 toutes fins pratique un souper, car la formule propos\u00e9e implique des mets de quatre pays africains diff\u00e9rents. Imaginez!!! \u00a0Cin\u00e9-conf\u00e9rence de Louise Dallaire, auteure du livre \u00e0 succ\u00e8s : Les touristes ne vont pas \u00e0 Abalak\u00a0 et des photos du Niger \u00e0 couper le souffle.<\/p>\n<p>R\u00e9servation: <a href=\"http:\/\/diku-dilenga-canada.org\/\">http:\/\/diku-dilenga-canada.org\/<\/a><b><\/b><br \/>\nPrix du billet: 20$ (adultes) 10$ (\u00e9tudiants)<br \/>\nRenseignements et billets : 613-290-1383 ou 819-776-1623<\/p>\n<p><i>***********************************************************<\/i><\/p>\n<p>Le samedi 8 mars 2014<b> <\/b>d\u00e8s 9 h.<br \/>\n<strong>D\u00e9jeuner de coop\u00e9ration<\/strong><br \/>\nSalle de la L\u00e9gion canadienne, 86, rue De la Baie, \u00e0 Gatineau<br \/>\nL\u2019AQANU de la r\u00e9gion de l\u2019Outaouais vous invite \u00e0 son d\u00e9jeuner b\u00e9n\u00e9fice qui \u00a0se d\u00e9roulera sous la pr\u00e9sidence d\u2019honneur de Mgr Paul-Andr\u00e9 Durocher, \u00e9v\u00eaque du dioc\u00e8se de Gatineau. Une conf\u00e9rence sera prononc\u00e9e par Mme Kaline Honor\u00e9, directrice de la nouvelle \u00e9cole de formation professionnelle \u00e0 Rivi\u00e8re Froide (Ha\u00efti). Elle nous parlera bri\u00e8vement de son \u00e9cole, des formations qui y seront dispens\u00e9es et des client\u00e8les vis\u00e9es par ses programmes de formation. Cette \u00e9cole ouvrira ses portes en 2014.<\/p>\n<p>Prix du billet\u00a0: 25 $ (avec re\u00e7u pour fin d\u2019imp\u00f4t)<br \/>\nR\u00e9servations\u00a0: 819-568-7462<br \/>\nRenseignements\u00a0: <a href=\"http:\/\/www.aqanu.org\">www.aqanu.org<\/a><\/p>\n","protected":false},"excerpt":{"rendered":"<p>&nbsp; Le mercredi 29 janvier \u00e0 10h Projection du film\u00a0: La Route de l\u2019esclave : R\u00e9sistance, Libert\u00e9, H\u00e9ritage \u00bb de l\u2019UNESCO Mus\u00e9e canadien de l\u2019histoire (100, rue Laurier) Documentaire d\u2019\u00e9ducation et d\u2019information sp\u00e9cialement destin\u00e9 aux jeunes de la 4\u00e8me \u00e0 la 12\u00e8me ann\u00e9e afin de leur faire comprendre les contributions des africains \u00e0 la construction [&hellip;]<\/p>\n","protected":false},"author":2,"featured_media":0,"parent":0,"menu_order":0,"comment_status":"closed","ping_status":"closed","template":"","meta":{"_acf_changed":false,"footnotes":""},"class_list":["post-38","page","type-page","status-publish","hentry"],"acf":[],"jetpack_sharing_enabled":true,"_links":{"self":[{"href":"https:\/\/mhngatineau.com\/index.php?rest_route=\/wp\/v2\/pages\/38","targetHints":{"allow":["GET"]}}],"collection":[{"href":"https:\/\/mhngatineau.com\/index.php?rest_route=\/wp\/v2\/pages"}],"about":[{"href":"https:\/\/mhngatineau.com\/index.php?rest_route=\/wp\/v2\/types\/page"}],"author":[{"embeddable":true,"href":"https:\/\/mhngatineau.com\/index.php?rest_route=\/wp\/v2\/users\/2"}],"replies":[{"embeddable":true,"href":"https:\/\/mhngatineau.com\/index.php?rest_route=%2Fwp%2Fv2%2Fcomments&post=38"}],"version-history":[{"count":0,"href":"https:\/\/mhngatineau.com\/index.php?rest_route=\/wp\/v2\/pages\/38\/revisions"}],"wp:attachment":[{"href":"https:\/\/mhngatineau.com\/index.php?rest_route=%2Fwp%2Fv2%2Fmedia&parent=38"}],"curies":[{"name":"wp","href":"https:\/\/api.w.org\/{rel}","templated":true}]}}