{"id":5129,"date":"2025-01-28T19:14:56","date_gmt":"2025-01-29T00:14:56","guid":{"rendered":"https:\/\/mhngatineau.com\/?page_id=5129"},"modified":"2025-01-30T09:03:36","modified_gmt":"2025-01-30T14:03:36","slug":"programmation-2024-2","status":"publish","type":"page","link":"https:\/\/mhngatineau.com\/?page_id=5129","title":{"rendered":"PROGRAMMATION 2024"},"content":{"rendered":"\t\t<div data-elementor-type=\"wp-page\" data-elementor-id=\"5129\" class=\"elementor elementor-5129\" data-elementor-post-type=\"page\">\n\t\t\t\t\t\t<section class=\"elementor-section elementor-top-section elementor-element elementor-element-9b23aa5 elementor-section-full_width elementor-section-stretched elementor-section-height-default elementor-section-height-default\" data-id=\"9b23aa5\" data-element_type=\"section\" data-e-type=\"section\" data-settings=\"{&quot;stretch_section&quot;:&quot;section-stretched&quot;}\">\n\t\t\t\t\t\t<div class=\"elementor-container elementor-column-gap-default\">\n\t\t\t\t\t<div class=\"elementor-column elementor-col-100 elementor-top-column elementor-element elementor-element-cfeba91\" data-id=\"cfeba91\" data-element_type=\"column\" data-e-type=\"column\">\n\t\t\t<div class=\"elementor-widget-wrap elementor-element-populated\">\n\t\t\t\t\t\t<div class=\"elementor-element elementor-element-4d34f00 elementor-widget elementor-widget-image\" data-id=\"4d34f00\" data-element_type=\"widget\" data-e-type=\"widget\" data-widget_type=\"image.default\">\n\t\t\t\t<div class=\"elementor-widget-container\">\n\t\t\t\t\t\t\t\t\t\t\t\t\t\t\t<img decoding=\"async\" src=\"https:\/\/mhngatineau.com\/wp-content\/uploads\/2024\/01\/BHM_Face_sans_fond-copie2.png\" title=\"\" alt=\"\" loading=\"lazy\" \/>\t\t\t\t\t\t\t\t\t\t\t\t\t\t\t<\/div>\n\t\t\t\t<\/div>\n\t\t\t\t\t<\/div>\n\t\t<\/div>\n\t\t\t\t\t<\/div>\n\t\t<\/section>\n\t\t\t\t<section class=\"elementor-section elementor-top-section elementor-element elementor-element-351538a elementor-section-boxed elementor-section-height-default elementor-section-height-default\" data-id=\"351538a\" data-element_type=\"section\" data-e-type=\"section\">\n\t\t\t\t\t\t<div class=\"elementor-container elementor-column-gap-default\">\n\t\t\t\t\t<div class=\"elementor-column elementor-col-100 elementor-top-column elementor-element elementor-element-dd2ac41\" data-id=\"dd2ac41\" data-element_type=\"column\" data-e-type=\"column\">\n\t\t\t<div class=\"elementor-widget-wrap elementor-element-populated\">\n\t\t\t\t\t\t<section class=\"elementor-section elementor-inner-section elementor-element elementor-element-f415844 elementor-section-content-top elementor-section-boxed elementor-section-height-default elementor-section-height-default\" data-id=\"f415844\" data-element_type=\"section\" data-e-type=\"section\">\n\t\t\t\t\t\t<div class=\"elementor-container elementor-column-gap-default\">\n\t\t\t\t\t<div class=\"elementor-column elementor-col-50 elementor-inner-column elementor-element elementor-element-13b359b\" data-id=\"13b359b\" data-element_type=\"column\" data-e-type=\"column\">\n\t\t\t<div class=\"elementor-widget-wrap elementor-element-populated\">\n\t\t\t\t\t\t<div class=\"elementor-element elementor-element-a75298d elementor-widget elementor-widget-image\" data-id=\"a75298d\" data-element_type=\"widget\" data-e-type=\"widget\" data-widget_type=\"image.default\">\n\t\t\t\t<div class=\"elementor-widget-container\">\n\t\t\t\t\t\t\t\t\t\t\t\t\t\t\t<img fetchpriority=\"high\" decoding=\"async\" width=\"1080\" height=\"1080\" src=\"https:\/\/mhngatineau.com\/wp-content\/uploads\/2024\/01\/IMAGE-SITE-WEB-MHNG-2024.png\" class=\"attachment-full size-full wp-image-4354\" alt=\"\" srcset=\"https:\/\/mhngatineau.com\/wp-content\/uploads\/2024\/01\/IMAGE-SITE-WEB-MHNG-2024.png 1080w, https:\/\/mhngatineau.com\/wp-content\/uploads\/2024\/01\/IMAGE-SITE-WEB-MHNG-2024-300x300.png 300w, https:\/\/mhngatineau.com\/wp-content\/uploads\/2024\/01\/IMAGE-SITE-WEB-MHNG-2024-1024x1024.png 1024w, https:\/\/mhngatineau.com\/wp-content\/uploads\/2024\/01\/IMAGE-SITE-WEB-MHNG-2024-150x150.png 150w, https:\/\/mhngatineau.com\/wp-content\/uploads\/2024\/01\/IMAGE-SITE-WEB-MHNG-2024-768x768.png 768w, https:\/\/mhngatineau.com\/wp-content\/uploads\/2024\/01\/IMAGE-SITE-WEB-MHNG-2024-62x62.png 62w, https:\/\/mhngatineau.com\/wp-content\/uploads\/2024\/01\/IMAGE-SITE-WEB-MHNG-2024-1000x1000.png 1000w\" sizes=\"(max-width: 1080px) 100vw, 1080px\" \/>\t\t\t\t\t\t\t\t\t\t\t\t\t\t\t<\/div>\n\t\t\t\t<\/div>\n\t\t\t\t\t<\/div>\n\t\t<\/div>\n\t\t\t\t<div class=\"elementor-column elementor-col-50 elementor-inner-column elementor-element elementor-element-ccb1dcc\" data-id=\"ccb1dcc\" data-element_type=\"column\" data-e-type=\"column\">\n\t\t\t<div class=\"elementor-widget-wrap elementor-element-populated\">\n\t\t\t\t\t\t<div class=\"elementor-element elementor-element-0a568c5 elementor-widget elementor-widget-heading\" data-id=\"0a568c5\" data-element_type=\"widget\" data-e-type=\"widget\" data-widget_type=\"heading.default\">\n\t\t\t\t<div class=\"elementor-widget-container\">\n\t\t\t\t\t<h2 class=\"elementor-heading-title elementor-size-default\">Programmation du Mois de l\u2019histoire des Noirs 2024\nVille de Gatineau\n<\/h2>\t\t\t\t<\/div>\n\t\t\t\t<\/div>\n\t\t\t\t<div class=\"elementor-element elementor-element-0fbbf0b elementor-widget elementor-widget-text-editor\" data-id=\"0fbbf0b\" data-element_type=\"widget\" data-e-type=\"widget\" data-widget_type=\"text-editor.default\">\n\t\t\t\t<div class=\"elementor-widget-container\">\n\t\t\t\t\t\t\t\t\t<p><span style=\"color: #333333;\"><b><i>Th\u00e8me : Se mobiliser pour p\u00e9renniser !<br \/><\/i><\/b><br \/>Du 1er au 29 f\u00e9vrier 2024, le Conseil de la communaut\u00e9 noire de Gatineau (CCNG), avec l\u2019appui de ses partenaires incluant la Ville de Gatineau et le Gouvernement du Qu\u00e9bec, organisera les activit\u00e9s de la 22\u00e8me \u00e9dition, de c\u00e9l\u00e9bration du Mois de l\u2019Histoire des Noirs \u00e0 Gatineau (MHNG) sous le th\u00e8me \u201cSe mobiliser pour p\u00e9renniser\u201d.<br \/>Dans cette perspective, cette \u00e9dition se veut \u00eatre une tribune d\u2019appel \u00e0 l\u2019action pour consolider tous les acquis et toutes les avanc\u00e9es enregistr\u00e9es afin de continuer \u00e0 renforcer l&#8217;attractivit\u00e9 de notre Ville. Le CCNG lance ainsi un vibrant appel \u00e0 la mobilisation visant \u00e0 accro\u00eetre et \u00e0 p\u00e9renniser la participation de la communaut\u00e9 gatinoise dans la recherche des solutions aux enjeux actuels et \u00e0 anticiper de la communaut\u00e9 noire et de notre Ville.<br \/>\u00c0 cet effet, seront mis en lumi\u00e8re durant ce mois des initiatives et des activit\u00e9s visant \u00e0:<br \/><\/span><\/p><ul><li><span style=\"color: #333333;\">mobiliser les membres de la communaut\u00e9 noire, les partenaires et les ressources;<br \/><br \/><\/span><\/li><li><span style=\"color: #333333;\">favoriser la participation et accro\u00eetre l\u2019implication citoyenne des membres de la communaut\u00e9 noire vivant \u00e0 Gatineau;<br \/><br \/><\/span><\/li><li><span style=\"color: #333333;\">p\u00e9renniser les efforts du CCNG et renforcer cette dynamique partenariale avec la Ville de Gatineau en faveur du\u00a0 vivre-ensemble, de la lutte contre le racisme et la discrimination raciale.<br \/><\/span><\/li><\/ul><p><span style=\"color: #333333;\">Enfin, le MHNG sera une occasion propice de mobilisation de la communaut\u00e9 et des partenaires qui est un pilier central pour p\u00e9renniser le Conseil de la communaut\u00e9 noire en se dotant des moyens et des ressources permettant d\u2019accompagner tous les efforts d\u00e9ploy\u00e9s pour b\u00e2tir et consolider le vivre-ensemble, la lutte contre le racisme et la discrimination. Ceci nous permettra de continuer \u00e0 soutenir et \u00e0 accompagner efficacement les membres de la communaut\u00e9 noire install\u00e9e \u00e0 Gatineau.<br \/><br \/>Tout au long du mois de f\u00e9vrier, les membres de la communaut\u00e9 noire seront invit\u00e9s \u00e0 partager avec des acteurs communautaires, politiques, administratifs et \u00e9conomiques sur des enjeux qui touchent les membres de la communaut\u00e9 noire vivant \u00e0 Gatineau.<\/span><\/p>\t\t\t\t\t\t\t\t<\/div>\n\t\t\t\t<\/div>\n\t\t\t\t\t<\/div>\n\t\t<\/div>\n\t\t\t\t\t<\/div>\n\t\t<\/section>\n\t\t\t\t\t<\/div>\n\t\t<\/div>\n\t\t\t\t\t<\/div>\n\t\t<\/section>\n\t\t\t\t<section class=\"elementor-section elementor-top-section elementor-element elementor-element-effd239 elementor-section-full_width elementor-section-stretched elementor-hidden-desktop elementor-hidden-tablet elementor-hidden-mobile elementor-section-height-default elementor-section-height-default\" data-id=\"effd239\" data-element_type=\"section\" data-e-type=\"section\" data-settings=\"{&quot;stretch_section&quot;:&quot;section-stretched&quot;}\">\n\t\t\t\t\t\t<div class=\"elementor-container elementor-column-gap-default\">\n\t\t\t\t\t<div class=\"elementor-column elementor-col-100 elementor-top-column elementor-element elementor-element-f922ebf\" data-id=\"f922ebf\" data-element_type=\"column\" data-e-type=\"column\">\n\t\t\t<div class=\"elementor-widget-wrap elementor-element-populated\">\n\t\t\t\t\t\t<div class=\"elementor-element elementor-element-1877602 elementor-widget elementor-widget-template\" data-id=\"1877602\" data-element_type=\"widget\" data-e-type=\"widget\" data-widget_type=\"template.default\">\n\t\t\t\t<div class=\"elementor-widget-container\">\n\t\t\t\t\t\t\t<div class=\"elementor-template\">\r\n\t\t\t\t\t<div data-elementor-type=\"section\" data-elementor-id=\"2942\" class=\"elementor elementor-2942\" data-elementor-post-type=\"elementor_library\">\r\n\t\t\t\t\t<section class=\"elementor-section elementor-top-section elementor-element elementor-element-a308b93 elementor-section-full_width elementor-section-height-default elementor-section-height-default\" data-id=\"a308b93\" data-element_type=\"section\" data-e-type=\"section\">\n\t\t\t\t\t\t<div class=\"elementor-container elementor-column-gap-default\">\n\t\t\t\t\t<div class=\"elementor-column elementor-col-100 elementor-top-column elementor-element elementor-element-545e1cb\" data-id=\"545e1cb\" data-element_type=\"column\" data-e-type=\"column\">\n\t\t\t<div class=\"elementor-widget-wrap elementor-element-populated\">\n\t\t\t\t\t\t<div class=\"elementor-element elementor-element-3e96426 elementor-widget elementor-widget-shortcode\" data-id=\"3e96426\" data-element_type=\"widget\" data-e-type=\"widget\" data-widget_type=\"shortcode.default\">\n\t\t\t\t<div class=\"elementor-widget-container\">\n\t\t\t\t\t \r\n<ul class=\"event-grid\">\r\n \r\n\t<li>\r\n\t\t<div class=\"event-grid-wrapper\" style=\"background-image:url('https:\/\/mhngatineau.com\/wp-content\/uploads\/2025\/01\/lancement-MHNG-2025-4.png');\">\r\n\t\t\t<div class=\"event-inner-wrapper\">\r\n\t\t\t\t<div class=\"hov-data event-data\">\r\n\t\t\t\t\t<a href=\"https:\/\/mhngatineau.com\/?p=5329\"><h3>Cocktail de lancement<\/h3><\/a>\r\n\t\t\t\t\t<span>31 janvier 2025 de 18h \u00e0 21h<\/span>\r\n\t\t\t\t<\/div>\r\n\t\t\t<\/div>\r\n\t\t<\/div>\r\n\t<\/li>\r\n\r\n\r\n\r\n\r\n\t<li>\r\n\t\t<div class=\"event-grid-wrapper\" style=\"background-image:url('');\">\r\n\t\t\t<div class=\"event-inner-wrapper\">\r\n\t\t\t\t<div class=\"hov-data event-data\">\r\n\t\t\t\t\t<a href=\"https:\/\/mhngatineau.com\/?p=5507\"><h3>Lancement officiel du Mois de l&#8217;Histoire des Noirs \u00e0 Gatineau 2026<\/h3><\/a>\r\n\t\t\t\t\t<span>26 janvier 2026<\/span>\r\n\t\t\t\t<\/div>\r\n\t\t\t<\/div>\r\n\t\t<\/div>\r\n\t<\/li>\r\n\r\n\r\n\r\n\r\n\t<li>\r\n\t\t<div class=\"event-grid-wrapper\" style=\"background-image:url('https:\/\/mhngatineau.com\/wp-content\/uploads\/2024\/01\/475317798_626542446584596_6294746526374967914_n.jpg');\">\r\n\t\t\t<div class=\"event-inner-wrapper\">\r\n\t\t\t\t<div class=\"hov-data event-data\">\r\n\t\t\t\t\t<a href=\"https:\/\/mhngatineau.com\/?p=4455\"><h3>Qu&#8217;est ce que la discrimination ?<\/h3><\/a>\r\n\t\t\t\t\t<span>Jeudi 13 f\u00e9vrier 2025 de 17h30 \u00e0 20h<\/span>\r\n\t\t\t\t<\/div>\r\n\t\t\t<\/div>\r\n\t\t<\/div>\r\n\t<\/li>\r\n\r\n\r\n\r\n\r\n\t<li>\r\n\t\t<div class=\"event-grid-wrapper\" style=\"background-image:url('https:\/\/mhngatineau.com\/wp-content\/uploads\/2024\/01\/IMG_8733.jpg');\">\r\n\t\t\t<div class=\"event-inner-wrapper\">\r\n\t\t\t\t<div class=\"hov-data event-data\">\r\n\t\t\t\t\t<a href=\"https:\/\/mhngatineau.com\/?p=4525\"><h3>La Grande journ\u00e9e de c\u00e9l\u00e9bration: Journ\u00e9e festive Noir-Si-Sons<\/h3><\/a>\r\n\t\t\t\t\t<span>15 f\u00e9vrier 2025, de 11h \u00e0 16h<\/span>\r\n\t\t\t\t<\/div>\r\n\t\t\t<\/div>\r\n\t\t<\/div>\r\n\t<\/li>\r\n\r\n\r\n\r\n\r\n\t<li>\r\n\t\t<div class=\"event-grid-wrapper\" style=\"background-image:url('https:\/\/mhngatineau.com\/wp-content\/uploads\/2025\/01\/cropped-Facebook_900_900-2.png');\">\r\n\t\t\t<div class=\"event-inner-wrapper\">\r\n\t\t\t\t<div class=\"hov-data event-data\">\r\n\t\t\t\t\t<a href=\"https:\/\/mhngatineau.com\/?p=4527\"><h3>Journ\u00e9e de formation en Gouvernance communautaire pour les associations de la communaut\u00e9 noire de Gatineau<\/h3><\/a>\r\n\t\t\t\t\t<span>16 f\u00e9vrier 2025, de 10h \u00e0 15h<\/span>\r\n\t\t\t\t<\/div>\r\n\t\t\t<\/div>\r\n\t\t<\/div>\r\n\t<\/li>\r\n\r\n\r\n\r\n\r\n\t<li>\r\n\t\t<div class=\"event-grid-wrapper\" style=\"background-image:url('https:\/\/mhngatineau.com\/wp-content\/uploads\/2024\/01\/Soiree-de-reseautage-groupe-3737-et-CCNG-catalyseurs-de-synergie-et-de-la-dynamique-entrepreneurial-de-la-communaute-noire-a-Gatineau-9.png');\">\r\n\t\t\t<div class=\"event-inner-wrapper\">\r\n\t\t\t\t<div class=\"hov-data event-data\">\r\n\t\t\t\t\t<a href=\"https:\/\/mhngatineau.com\/?p=4530\"><h3>Soir\u00e9e de r\u00e9seautage Groupe 3737 et CCNG : catalyseurs de synergies et de la dynamique entrepreneuriale de la communaut\u00e9 noire \u00e0 Gatineau<\/h3><\/a>\r\n\t\t\t\t\t<span>21 f\u00e9vrier 2025, de 17h \u00e0 19h<\/span>\r\n\t\t\t\t<\/div>\r\n\t\t\t<\/div>\r\n\t\t<\/div>\r\n\t<\/li>\r\n\r\n\r\n\r\n\r\n\t<li>\r\n\t\t<div class=\"event-grid-wrapper\" style=\"background-image:url('https:\/\/mhngatineau.com\/wp-content\/uploads\/2024\/01\/Synergie-des-organismes-communautaires-sensibilisation-sur-la-sante-mentale-dans-la-communaute-noire-6.png');\">\r\n\t\t\t<div class=\"event-inner-wrapper\">\r\n\t\t\t\t<div class=\"hov-data event-data\">\r\n\t\t\t\t\t<a href=\"https:\/\/mhngatineau.com\/?p=4618\"><h3>Synergie des organismes communautaires<\/h3><\/a>\r\n\t\t\t\t\t<span>22 f\u00e9vrier 2025, de 17h00 \u00e0 21h00<\/span>\r\n\t\t\t\t<\/div>\r\n\t\t\t<\/div>\r\n\t\t<\/div>\r\n\t<\/li>\r\n\r\n\r\n\r\n\r\n\t<li>\r\n\t\t<div class=\"event-grid-wrapper\" style=\"background-image:url('https:\/\/mhngatineau.com\/wp-content\/uploads\/2024\/02\/Panel-25-fevrier-2025-6.png');\">\r\n\t\t\t<div class=\"event-inner-wrapper\">\r\n\t\t\t\t<div class=\"hov-data event-data\">\r\n\t\t\t\t\t<a href=\"https:\/\/mhngatineau.com\/?p=4603\"><h3>La D\u00e9cennie internationale des personnes d&#8217;ascendance africaine (2015-2024): l&#8217;\u00e9tat des lieux et les perspectives d&#8217;avenir.<\/h3><\/a>\r\n\t\t\t\t\t<span>25 f\u00e9vrier 2025, de 17H \u00e0 21h<\/span>\r\n\t\t\t\t<\/div>\r\n\t\t\t<\/div>\r\n\t\t<\/div>\r\n\t<\/li>\r\n\r\n\r\n\r\n\r\n\t<li>\r\n\t\t<div class=\"event-grid-wrapper\" style=\"background-image:url('https:\/\/mhngatineau.com\/wp-content\/uploads\/2024\/01\/COCKTAIL-DE-CLOTURE-MHNG-2025-5.png');\">\r\n\t\t\t<div class=\"event-inner-wrapper\">\r\n\t\t\t\t<div class=\"hov-data event-data\">\r\n\t\t\t\t\t<a href=\"https:\/\/mhngatineau.com\/?p=4547\"><h3>Soir\u00e9e de cl\u00f4ture et de reconnaissance<\/h3><\/a>\r\n\t\t\t\t\t<span>28 f\u00e9vrier 2024, de 18h \u00e0 22h<\/span>\r\n\t\t\t\t<\/div>\r\n\t\t\t<\/div>\r\n\t\t<\/div>\r\n\t<\/li>\r\n\r\n\r\n\r\n\r\n\t<li>\r\n\t\t<div class=\"event-grid-wrapper\" style=\"background-image:url('https:\/\/mhngatineau.com\/wp-content\/uploads\/2024\/01\/COCKTAIL-DE-CLOTURE-MHNG-2025-5.png');\">\r\n\t\t\t<div class=\"event-inner-wrapper\">\r\n\t\t\t\t<div class=\"hov-data event-data\">\r\n\t\t\t\t\t<a href=\"https:\/\/mhngatineau.com\/?p=5512\"><h3>Soir\u00e9e de cl\u00f4ture et de reconnaissance #2<\/h3><\/a>\r\n\t\t\t\t\t<span><\/span>\r\n\t\t\t\t<\/div>\r\n\t\t\t<\/div>\r\n\t\t<\/div>\r\n\t<\/li>\r\n\r\n\r\n\r\n\r\n<\/ul>\r\n\r\n\r\n\r\n\t\t<div class=\"elementor-shortcode\"><\/div>\n\t\t\t\t\t\t<\/div>\n\t\t\t\t<\/div>\n\t\t\t\t\t<\/div>\n\t\t<\/div>\n\t\t\t\t\t<\/div>\n\t\t<\/section>\n\t\t\t\t<\/div>\r\n\t\t\t\t<\/div>\r\n\t\t\t\t\t\t<\/div>\n\t\t\t\t<\/div>\n\t\t\t\t\t<\/div>\n\t\t<\/div>\n\t\t\t\t\t<\/div>\n\t\t<\/section>\n\t\t\t\t<section class=\"elementor-section elementor-top-section elementor-element elementor-element-ddf0f8f elementor-section-boxed elementor-section-height-default elementor-section-height-default\" data-id=\"ddf0f8f\" data-element_type=\"section\" data-e-type=\"section\">\n\t\t\t\t\t\t<div class=\"elementor-container elementor-column-gap-default\">\n\t\t\t\t\t<div class=\"elementor-column elementor-col-100 elementor-top-column elementor-element elementor-element-b157123\" data-id=\"b157123\" data-element_type=\"column\" data-e-type=\"column\">\n\t\t\t<div class=\"elementor-widget-wrap elementor-element-populated\">\n\t\t\t\t\t\t<div class=\"elementor-element elementor-element-4cfd739 elementor-widget elementor-widget-heading\" data-id=\"4cfd739\" data-element_type=\"widget\" data-e-type=\"widget\" data-widget_type=\"heading.default\">\n\t\t\t\t<div class=\"elementor-widget-container\">\n\t\t\t\t\t<h2 class=\"elementor-heading-title elementor-size-default\">Collaborateurs et partenaires<\/h2>\t\t\t\t<\/div>\n\t\t\t\t<\/div>\n\t\t\t\t<div class=\"elementor-element elementor-element-af17679 my_partne elementor-skin-carousel elementor-arrows-yes elementor-widget elementor-widget-media-carousel\" data-id=\"af17679\" data-element_type=\"widget\" data-e-type=\"widget\" data-settings=\"{&quot;slides_per_view&quot;:&quot;4&quot;,&quot;slides_to_scroll&quot;:&quot;1&quot;,&quot;slides_per_view_mobile&quot;:&quot;1&quot;,&quot;slides_to_scroll_mobile&quot;:&quot;1&quot;,&quot;skin&quot;:&quot;carousel&quot;,&quot;effect&quot;:&quot;slide&quot;,&quot;show_arrows&quot;:&quot;yes&quot;,&quot;speed&quot;:500,&quot;autoplay&quot;:&quot;yes&quot;,&quot;autoplay_speed&quot;:5000,&quot;loop&quot;:&quot;yes&quot;,&quot;pause_on_hover&quot;:&quot;yes&quot;,&quot;pause_on_interaction&quot;:&quot;yes&quot;,&quot;space_between&quot;:{&quot;unit&quot;:&quot;px&quot;,&quot;size&quot;:10,&quot;sizes&quot;:[]},&quot;space_between_tablet&quot;:{&quot;unit&quot;:&quot;px&quot;,&quot;size&quot;:10,&quot;sizes&quot;:[]},&quot;space_between_mobile&quot;:{&quot;unit&quot;:&quot;px&quot;,&quot;size&quot;:10,&quot;sizes&quot;:[]}}\" data-widget_type=\"media-carousel.default\">\n\t\t\t\t<div class=\"elementor-widget-container\">\n\t\t\t\t\t\t\t\t\t<div class=\"elementor-swiper\">\r\n\t\t\t\t\t<div class=\"elementor-main-swiper swiper\" role=\"region\" aria-roledescription=\"carousel\" aria-label=\"Slides\">\r\n\t\t\t\t<div class=\"swiper-wrapper\">\r\n\t\t\t\t\t\t\t\t\t\t\t<div class=\"swiper-slide\" role=\"group\" aria-roledescription=\"slide\">\r\n\t\t\t\t\t\t\t\t\t<div class=\"elementor-carousel-image\" role=\"img\" aria-label=\"admin-ajax (1)\" style=\"background-image: url(&#039;https:\/\/mhngatineau.com\/wp-content\/uploads\/2023\/01\/admin-ajax-1-1.png&#039;)\">\r\n\r\n\t\t\t\r\n\t\t\t\t\t<\/div>\r\n\t\t\t\t\t\t\t\t<\/div>\r\n\t\t\t\t\t\t\t\t\t\t\t<div class=\"swiper-slide\" role=\"group\" aria-roledescription=\"slide\">\r\n\t\t\t\t\t\t\t\t\t<div class=\"elementor-carousel-image\" role=\"img\" aria-label=\"Ville de Gatineau\" style=\"background-image: url(&#039;https:\/\/mhngatineau.com\/wp-content\/uploads\/2020\/01\/ville-gatineau.jpg&#039;)\">\r\n\r\n\t\t\t\r\n\t\t\t\t\t<\/div>\r\n\t\t\t\t\t\t\t\t<\/div>\r\n\t\t\t\t\t\t\t\t\t\t\t<div class=\"swiper-slide\" role=\"group\" aria-roledescription=\"slide\">\r\n\t\t\t\t\t\t\t\t\t<div class=\"elementor-carousel-image\" role=\"img\" aria-label=\"Gouvernement du Qu\u00e9bec\" style=\"background-image: url(&#039;https:\/\/mhngatineau.com\/wp-content\/uploads\/2020\/01\/logo_servicesqc-aide_financiere.png&#039;)\">\r\n\r\n\t\t\t\r\n\t\t\t\t\t<\/div>\r\n\t\t\t\t\t\t\t\t<\/div>\r\n\t\t\t\t\t\t\t\t\t\t\t<div class=\"swiper-slide\" role=\"group\" aria-roledescription=\"slide\">\r\n\t\t\t\t\t\t\t\t\t<div class=\"elementor-carousel-image\" role=\"img\" aria-label=\"CCUNESCO logo-col-fr\" style=\"background-image: url(&#039;https:\/\/mhngatineau.com\/wp-content\/uploads\/2021\/01\/ccunesco-logo-col-fr.png&#039;)\">\r\n\r\n\t\t\t\r\n\t\t\t\t\t<\/div>\r\n\t\t\t\t\t\t\t\t<\/div>\r\n\t\t\t\t\t\t\t\t\t<\/div>\r\n\t\t\t\t\t\t\t\t\t\t\t\t\t\t\t<div class=\"elementor-swiper-button elementor-swiper-button-prev\" role=\"button\" tabindex=\"0\" aria-label=\"Previous\">\r\n\t\t\t\t\t\t\t<i aria-hidden=\"true\" class=\"eicon-chevron-left\"><\/i>\t\t\t\t\t\t<\/div>\r\n\t\t\t\t\t\t<div class=\"elementor-swiper-button elementor-swiper-button-next\" role=\"button\" tabindex=\"0\" aria-label=\"Next\">\r\n\t\t\t\t\t\t\t<i aria-hidden=\"true\" class=\"eicon-chevron-right\"><\/i>\t\t\t\t\t\t<\/div>\r\n\t\t\t\t\t\t\t\t\t\t\t\t\t\t\t\t\t<\/div>\r\n\t\t\t\t<\/div>\r\n\t\t\t\t\t\t\t\t<\/div>\n\t\t\t\t<\/div>\n\t\t\t\t<div class=\"elementor-element elementor-element-dece883 my-p elementor-widget elementor-widget-text-editor\" data-id=\"dece883\" data-element_type=\"widget\" data-e-type=\"widget\" data-widget_type=\"text-editor.default\">\n\t\t\t\t<div class=\"elementor-widget-container\">\n\t\t\t\t\t\t\t\t\t<div class=\"message-wrapper\"><div id=\"63cf7ecad486e8000f405b20\" class=\"message \"><div class=\"message-content\"><div><div><p class=\"message-body\">MHNGatineau.com est une plateforme de partage et de promotion des \u00e9v\u00e9nements du mois de l\u2019histoire des Noirs \u00e0 Gatineau. Mhngatineau.com d\u00e9cline toute responsabilit\u00e9 quant au contenu et d\u00e9roulement des activi\u00e9s propos\u00e9es. Pour nous faire parvenir vos activit\u00e9s, utilisez la page contact.<\/p><\/div><\/div><\/div><\/div><\/div><div class=\"message-wrapper\"><div id=\"63cf7ee7040d60004fa796c5\" class=\"message \">\u00a0<\/div><\/div>\t\t\t\t\t\t\t\t<\/div>\n\t\t\t\t<\/div>\n\t\t\t\t\t<\/div>\n\t\t<\/div>\n\t\t\t\t\t<\/div>\n\t\t<\/section>\n\t\t\t\t<\/div>\n\t\t","protected":false},"excerpt":{"rendered":"<p>Programmation du Mois de l\u2019histoire des Noirs 2024 Ville de Gatineau Th\u00e8me : Se mobiliser pour p\u00e9renniser !Du 1er au 29 f\u00e9vrier 2024, le Conseil de la communaut\u00e9 noire de Gatineau (CCNG), avec l\u2019appui de ses partenaires incluant la Ville de Gatineau et le Gouvernement du Qu\u00e9bec, organisera les activit\u00e9s de la 22\u00e8me \u00e9dition, de [&hellip;]<\/p>\n","protected":false},"author":2,"featured_media":0,"parent":0,"menu_order":0,"comment_status":"closed","ping_status":"closed","template":"elementor_header_footer","meta":{"_acf_changed":false,"footnotes":""},"class_list":["post-5129","page","type-page","status-publish","hentry","post-thumb"],"acf":[],"jetpack_sharing_enabled":true,"_links":{"self":[{"href":"https:\/\/mhngatineau.com\/index.php?rest_route=\/wp\/v2\/pages\/5129","targetHints":{"allow":["GET"]}}],"collection":[{"href":"https:\/\/mhngatineau.com\/index.php?rest_route=\/wp\/v2\/pages"}],"about":[{"href":"https:\/\/mhngatineau.com\/index.php?rest_route=\/wp\/v2\/types\/page"}],"author":[{"embeddable":true,"href":"https:\/\/mhngatineau.com\/index.php?rest_route=\/wp\/v2\/users\/2"}],"replies":[{"embeddable":true,"href":"https:\/\/mhngatineau.com\/index.php?rest_route=%2Fwp%2Fv2%2Fcomments&post=5129"}],"version-history":[{"count":7,"href":"https:\/\/mhngatineau.com\/index.php?rest_route=\/wp\/v2\/pages\/5129\/revisions"}],"predecessor-version":[{"id":5284,"href":"https:\/\/mhngatineau.com\/index.php?rest_route=\/wp\/v2\/pages\/5129\/revisions\/5284"}],"wp:attachment":[{"href":"https:\/\/mhngatineau.com\/index.php?rest_route=%2Fwp%2Fv2%2Fmedia&parent=5129"}],"curies":[{"name":"wp","href":"https:\/\/api.w.org\/{rel}","templated":true}]}}